{"id":835,"date":"2025-05-07T15:26:15","date_gmt":"2025-05-07T15:26:15","guid":{"rendered":"https:\/\/estoesunaeuropamassaludable.eu\/kampagne\/"},"modified":"2026-02-23T10:29:15","modified_gmt":"2026-02-23T10:29:15","slug":"kampagne","status":"publish","type":"page","link":"https:\/\/estoesunaeuropamassaludable.eu\/de\/kampagne\/","title":{"rendered":"Kampagne"},"content":{"rendered":"<p>[et_pb_section fb_built=&#8220;1&#8243; admin_label=&#8220;About&#8220; _builder_version=&#8220;4.27.4&#8243; _module_preset=&#8220;default&#8220; background_color=&#8220;#f1f1f1&#8243; custom_margin=&#8220;-5px||||false|false&#8220; custom_padding=&#8220;||1px|||&#8220; collapsed=&#8220;on&#8220; global_colors_info=&#8220;{}&#8220;][et_pb_row column_structure=&#8220;1_2,1_2&#8243; _builder_version=&#8220;4.17.4&#8243; _module_preset=&#8220;default&#8220; global_colors_info=&#8220;{}&#8220;][et_pb_column type=&#8220;1_2&#8243; _builder_version=&#8220;4.17.4&#8243; _module_preset=&#8220;default&#8220; global_colors_info=&#8220;{}&#8220;][et_pb_image src=&#8220;https:\/\/estoesunaeuropamassaludable.eu\/wp-content\/uploads\/2025\/05\/campana.jpg&#8220; title_text=&#8220;campana&#8220; align=&#8220;right&#8220; _builder_version=&#8220;4.27.4&#8243; _module_preset=&#8220;default&#8220; width=&#8220;80%&#8220; global_colors_info=&#8220;{}&#8220;][\/et_pb_image][et_pb_image src=&#8220;https:\/\/estoesunaeuropamassaludable.eu\/wp-content\/uploads\/2025\/05\/campana_2.jpg&#8220; title_text=&#8220;campana_2&#8243; _builder_version=&#8220;4.27.4&#8243; _module_preset=&#8220;default&#8220; width=&#8220;40%&#8220; custom_margin=&#8220;-30%||||false|false&#8220; box_shadow_style=&#8220;preset3&#8243; box_shadow_vertical=&#8220;56px&#8220; box_shadow_blur=&#8220;60px&#8220; box_shadow_spread=&#8220;-20px&#8220; global_colors_info=&#8220;{}&#8220;][\/et_pb_image][\/et_pb_column][et_pb_column type=&#8220;1_2&#8243; _builder_version=&#8220;4.17.4&#8243; _module_preset=&#8220;default&#8220; custom_padding=&#8220;5%||||false|false&#8220; global_colors_info=&#8220;{}&#8220;][et_pb_text _builder_version=&#8220;4.27.4&#8243; _module_preset=&#8220;default&#8220; header_2_font=&#8220;Gotham Black|900|||||||&#8220; header_2_text_color=&#8220;#38732f&#8220; header_2_font_size=&#8220;70px&#8220; header_4_font=&#8220;Gotham Black|900|||||||&#8220; header_4_text_color=&#8220;#38732f&#8220; header_4_font_size=&#8220;45px&#8220; header_4_line_height=&#8220;0.3em&#8220; header_5_font=&#8220;Gotham Black|700|||||||&#8220; header_5_font_size=&#8220;20px&#8220; header_5_line_height=&#8220;1.6em&#8220; background_enable_color=&#8220;off&#8220; header_2_font_size_tablet=&#8220;55px&#8220; header_2_font_size_phone=&#8220;45px&#8220; header_2_font_size_last_edited=&#8220;on|tablet&#8220; header_4_font_size_tablet=&#8220;25px&#8220; header_4_font_size_phone=&#8220;18px&#8220; header_4_font_size_last_edited=&#8220;on|phone&#8220; locked=&#8220;off&#8220; global_colors_info=&#8220;{}&#8220;]<\/p>\n<h4><span style=\"font-size: 0.7em;\">Das ist nicht<\/span> nur<\/h4>\n<h2>eine kampagne<\/h2>\n<h5><\/h5>\n<h5>Das ist eine Herausforderung auf europ\u00e4ischem Niveau.<\/h5>\n<p>[\/et_pb_text][et_pb_text _builder_version=&#8220;4.27.4&#8243; _module_preset=&#8220;default&#8220; text_font=&#8220;|600|||||||&#8220; text_text_color=&#8220;#000000&#8243; text_font_size=&#8220;18px&#8220; text_line_height=&#8220;1.8em&#8220; background_enable_color=&#8220;off&#8220; text_font_size_tablet=&#8220;16px&#8220; text_font_size_phone=&#8220;14px&#8220; text_font_size_last_edited=&#8220;on|phone&#8220; locked=&#8220;off&#8220; global_colors_info=&#8220;{}&#8220;]<\/p>\n<p><strong><em>\u201eIn Europa haben wir die M\u00f6glichkeit, unsere Gesundheit zu verbessern, indem wir mehr Obst und Gem\u00fcse verzehren.\u201c<\/em><\/strong><\/p>\n<p>[\/et_pb_text][et_pb_text _builder_version=&#8220;4.27.4&#8243; _module_preset=&#8220;1f09816e-184e-4ce5-a4cf-b39c52c423ca&#8220; text_font=&#8220;Libre Franklin||||||||&#8220; text_font_size=&#8220;16px&#8220; text_line_height=&#8220;1.6em&#8220; text_font_size_tablet=&#8220;15px&#8220; text_font_size_phone=&#8220;14px&#8220; text_font_size_last_edited=&#8220;on|phone&#8220; header_font_size_tablet=&#8220;55px&#8220; header_font_size_last_edited=&#8220;off|desktop&#8220; global_colors_info=&#8220;{}&#8220;]<\/p>\n<p>\u201eDie <strong>WHO <\/strong>empfiehlt mindestens <strong>400 g<\/strong> frisches Obst und Gem\u00fcse <strong>pro Tag<\/strong>.\u201c In der EU liegt der durchschnittliche Verzehr jedoch<strong> unter 350 g\/Tag,<\/strong> wobei in L\u00e4ndern wie <strong>Deutschland, Frankreich oder Spanien<\/strong> mehr als die <strong>H\u00e4lfte der Bev\u00f6lkerung<\/strong> diesen Mindestwert nicht erreicht. Das hat nicht nur Auswirkungen auf unsere Gesundheit, sondern auch auf die Umwelt und gef\u00e4hrdet die Zukunft des europ\u00e4ischen Agrarmodells.<\/p>\n<p><span>Aus diesem Grund haben wir von <strong>+Broccoli, Alcachofa de Espa\u00f1a und Fraises de France<\/strong> beschlossen, uns zusammenzuschlie\u00dfen, um diese Kampagne auf den Weg zu bringen und die Herausforderung anzunehmen, die Gewohnheiten der Europ\u00e4er zu \u00e4ndern, um mit <strong>Brokkoli<\/strong>, <strong>Artischocken<\/strong> und <strong>Erdbeeren aus Europa<\/strong> eine ges\u00fcndere und nachhaltigere Zukunft zu erreichen.<\/span><\/p>\n<p>[\/et_pb_text][\/et_pb_column][\/et_pb_row][\/et_pb_section][et_pb_section fb_built=&#8220;1&#8243; admin_label=&#8220;About&#8220; _builder_version=&#8220;4.27.4&#8243; _module_preset=&#8220;default&#8220; background_color=&#8220;#f1f1f1&#8243; custom_padding=&#8220;3px|||||&#8220; collapsed=&#8220;on&#8220; global_colors_info=&#8220;{}&#8220;][et_pb_row _builder_version=&#8220;4.27.4&#8243; _module_preset=&#8220;default&#8220; global_colors_info=&#8220;{}&#8220;][et_pb_column type=&#8220;4_4&#8243; _builder_version=&#8220;4.27.4&#8243; _module_preset=&#8220;default&#8220; global_colors_info=&#8220;{}&#8220;][et_pb_text _builder_version=&#8220;4.27.4&#8243; _module_preset=&#8220;b327cbe4-b1d5-4b66-ad37-40c8f2f061ba&#8220; header_2_font=&#8220;Gotham Black|600|||||||&#8220; header_2_text_color=&#8220;#38732f&#8220; header_2_font_size=&#8220;55px&#8220; header_2_line_height=&#8220;1.2em&#8220; width=&#8220;80%&#8220; module_alignment=&#8220;center&#8220; header_2_font_size_tablet=&#8220;32px&#8220; header_2_font_size_phone=&#8220;20px&#8220; header_2_font_size_last_edited=&#8220;on|desktop&#8220; global_colors_info=&#8220;{}&#8220;]<\/p>\n<h2><strong>Das sind einige Ziele, die unseren Produkten gerecht werden <\/strong><\/h2>\n<p>[\/et_pb_text][\/et_pb_column][\/et_pb_row][et_pb_row column_structure=&#8220;1_3,1_3,1_3&#8243; _builder_version=&#8220;4.27.4&#8243; _module_preset=&#8220;default&#8220; custom_margin_tablet=&#8220;&#8220; custom_margin_phone=&#8220;-41px||||false|false&#8220; custom_margin_last_edited=&#8220;on|phone&#8220; global_colors_info=&#8220;{}&#8220;][et_pb_column type=&#8220;1_3&#8243; _builder_version=&#8220;4.27.4&#8243; _module_preset=&#8220;default&#8220; global_colors_info=&#8220;{}&#8220;][et_pb_text _builder_version=&#8220;4.27.4&#8243; _module_preset=&#8220;985c817d-db2f-47c6-ab8f-58cc30e380aa&#8220; header_5_font=&#8220;Gotham Black|600|||||||&#8220; header_5_text_color=&#8220;#38732f&#8220; header_5_font_size=&#8220;20px&#8220; header_5_line_height=&#8220;1.5em&#8220; custom_margin=&#8220;||0px||false|false&#8220; custom_margin_tablet=&#8220;||0px||false|false&#8220; custom_margin_phone=&#8220;-5px||0px||false|false&#8220; custom_margin_last_edited=&#8220;on|phone&#8220; custom_padding=&#8220;0px|||||&#8220; header_5_font_size_tablet=&#8220;15px&#8220; header_5_font_size_phone=&#8220;14px&#8220; header_5_font_size_last_edited=&#8220;on|desktop&#8220; global_colors_info=&#8220;{}&#8220;]<\/p>\n<h5>SPANIEN<\/h5>\n<p>[\/et_pb_text][et_pb_text _builder_version=&#8220;4.27.4&#8243; _module_preset=&#8220;4c43b4b6-66bf-432d-959a-705bda24a650&#8243; text_font=&#8220;Libre Franklin||||||||&#8220; text_font_size=&#8220;16px&#8220; header_font_size_tablet=&#8220;55px&#8220; header_font_size_last_edited=&#8220;off|desktop&#8220; global_colors_info=&#8220;{}&#8220;]<\/p>\n<ul>\n<li><span>Das Bewusstsein f\u00fcr Brokkoli und Artischocken aus Europa um 20,74 % steigern.<\/span><\/li>\n<li><span>Mehr als 24,7 Millionen Impulse bei Verbrauchern generieren, die sich f\u00fcr eine bessere Ern\u00e4hrung interessieren.<\/span><\/li>\n<\/ul>\n<p>[\/et_pb_text][\/et_pb_column][et_pb_column type=&#8220;1_3&#8243; _builder_version=&#8220;4.27.4&#8243; _module_preset=&#8220;default&#8220; global_colors_info=&#8220;{}&#8220;][et_pb_text _builder_version=&#8220;4.27.4&#8243; _module_preset=&#8220;985c817d-db2f-47c6-ab8f-58cc30e380aa&#8220; header_5_font=&#8220;Gotham Black|600|||||||&#8220; header_5_text_color=&#8220;#38732f&#8220; header_5_font_size=&#8220;20px&#8220; header_5_line_height=&#8220;1.5em&#8220; custom_margin=&#8220;||0px||false|false&#8220; header_5_font_size_tablet=&#8220;15px&#8220; header_5_font_size_phone=&#8220;14px&#8220; header_5_font_size_last_edited=&#8220;on|desktop&#8220; locked=&#8220;off&#8220; global_colors_info=&#8220;{}&#8220;]<\/p>\n<h5>DEUTSCHLAND<\/h5>\n<p>[\/et_pb_text][et_pb_text _builder_version=&#8220;4.27.4&#8243; _module_preset=&#8220;4c43b4b6-66bf-432d-959a-705bda24a650&#8243; text_font=&#8220;Libre Franklin||||||||&#8220; text_font_size=&#8220;16px&#8220; header_font_size_tablet=&#8220;55px&#8220; header_font_size_last_edited=&#8220;off|desktop&#8220; locked=&#8220;off&#8220; global_colors_info=&#8220;{}&#8220;]<\/p>\n<ul>\n<li><span>Die Wertsch\u00e4tzung von europ\u00e4ischen Brokkoli und Artischocken um 31,48 % steigern.<\/span><\/li>\n<li><span>Mehr als 16,5 Millionen qualifizierte Kontakte erreichen.<\/span><\/li>\n<\/ul>\n<p>[\/et_pb_text][\/et_pb_column][et_pb_column type=&#8220;1_3&#8243; _builder_version=&#8220;4.27.4&#8243; _module_preset=&#8220;default&#8220; global_colors_info=&#8220;{}&#8220;][et_pb_text _builder_version=&#8220;4.27.4&#8243; _module_preset=&#8220;985c817d-db2f-47c6-ab8f-58cc30e380aa&#8220; header_5_font=&#8220;Gotham Black|600|||||||&#8220; header_5_text_color=&#8220;#38732f&#8220; header_5_font_size=&#8220;20px&#8220; header_5_line_height=&#8220;1.5em&#8220; custom_margin=&#8220;||0px||false|false&#8220; header_5_font_size_tablet=&#8220;15px&#8220; header_5_font_size_phone=&#8220;14px&#8220; header_5_font_size_last_edited=&#8220;on|desktop&#8220; locked=&#8220;off&#8220; global_colors_info=&#8220;{}&#8220;]<\/p>\n<h5>FRANKREICH<\/h5>\n<p>[\/et_pb_text][et_pb_text _builder_version=&#8220;4.27.4&#8243; _module_preset=&#8220;4c43b4b6-66bf-432d-959a-705bda24a650&#8243; text_font=&#8220;Libre Franklin||||||||&#8220; text_font_size=&#8220;16px&#8220; header_font_size_tablet=&#8220;55px&#8220; header_font_size_last_edited=&#8220;off|desktop&#8220; locked=&#8220;off&#8220; global_colors_info=&#8220;{}&#8220;]<\/p>\n<ul>\n<li><span>Die Wiedererkennung franz\u00f6sischer und europ\u00e4ischer Erdbeeren um 13,04 % steigern.<\/span><\/li>\n<li><span>Mit \u00fcber 25,6 Millionen Menschen in Verbindung treten, die sich f\u00fcr eine gesunde Lebensweise interessieren.<\/span><\/li>\n<\/ul>\n<p>[\/et_pb_text][\/et_pb_column][\/et_pb_row][et_pb_row column_structure=&#8220;1_3,1_3,1_3&#8243; use_custom_gutter=&#8220;on&#8220; gutter_width=&#8220;2&#8243; _builder_version=&#8220;4.27.4&#8243; _module_preset=&#8220;default&#8220; global_colors_info=&#8220;{}&#8220;][et_pb_column type=&#8220;1_3&#8243; _builder_version=&#8220;4.27.4&#8243; _module_preset=&#8220;default&#8220; global_colors_info=&#8220;{}&#8220;][et_pb_text _builder_version=&#8220;4.27.5&#8243; _module_preset=&#8220;default&#8220; hover_enabled=&#8220;0&#8243; global_colors_info=&#8220;{}&#8220; sticky_enabled=&#8220;0&#8243;]<a rel=\"nofollow noreferrer\" href=\"https:\/\/youtu.be\/gNzGya-rtw4\" class=\"vp-a vp-yt-type vp-modal-click vp-modal-click_shortcode vp-has-img\"><img decoding=\"async\" class=\"vp-img\" src=\"https:\/\/estoesunaeuropamassaludable.eu\/wp-content\/uploads\/2026\/02\/header-brocoli_ok_play_ge.jpg\"><\/a>[\/et_pb_text][\/et_pb_column][et_pb_column type=&#8220;1_3&#8243; _builder_version=&#8220;4.27.4&#8243; _module_preset=&#8220;default&#8220; global_colors_info=&#8220;{}&#8220;][et_pb_text _builder_version=&#8220;4.27.5&#8243; _module_preset=&#8220;default&#8220; hover_enabled=&#8220;0&#8243; global_colors_info=&#8220;{}&#8220; sticky_enabled=&#8220;0&#8243;]<a rel=\"nofollow noreferrer\" href=\"https:\/\/youtu.be\/uBQ3rtdyJJQ\" class=\"vp-a vp-yt-type vp-modal-click vp-modal-click_shortcode vp-has-img\"><img decoding=\"async\" class=\"vp-img\" src=\"https:\/\/estoesunaeuropamassaludable.eu\/wp-content\/uploads\/2026\/02\/header-alcachofa_ok_ge.jpg\"><\/a>[\/et_pb_text][\/et_pb_column][et_pb_column type=&#8220;1_3&#8243; _builder_version=&#8220;4.27.4&#8243; _module_preset=&#8220;default&#8220; global_colors_info=&#8220;{}&#8220;][et_pb_text _builder_version=&#8220;4.27.5&#8243; _module_preset=&#8220;default&#8220; global_colors_info=&#8220;{}&#8220;]<a rel=\"nofollow noreferrer\" href=\"https:\/\/youtu.be\/IZCTjLZO59g\" class=\"vp-a vp-yt-type vp-modal-click vp-modal-click_shortcode vp-has-img\"><img decoding=\"async\" class=\"vp-img\" src=\"https:\/\/estoesunaeuropamassaludable.eu\/wp-content\/uploads\/2026\/02\/header-fresas_ok_ge.jpg\"><\/a>[\/et_pb_text][\/et_pb_column][\/et_pb_row][et_pb_row column_structure=&#8220;1_4,1_4,1_4,1_4&#8243; use_custom_gutter=&#8220;on&#8220; gutter_width=&#8220;2&#8243; _builder_version=&#8220;4.27.4&#8243; _module_preset=&#8220;default&#8220; global_colors_info=&#8220;{}&#8220;][et_pb_column type=&#8220;1_4&#8243; _builder_version=&#8220;4.27.4&#8243; _module_preset=&#8220;default&#8220; global_colors_info=&#8220;{}&#8220;][et_pb_image src=&#8220;https:\/\/estoesunaeuropamassaludable.eu\/wp-content\/uploads\/2025\/07\/fresh-01.jpg&#8220; title_text=&#8220;fresh 01&#8243; show_in_lightbox=&#8220;on&#8220; _builder_version=&#8220;4.27.4&#8243; _module_preset=&#8220;default&#8220; global_colors_info=&#8220;{}&#8220;][\/et_pb_image][\/et_pb_column][et_pb_column type=&#8220;1_4&#8243; _builder_version=&#8220;4.27.4&#8243; _module_preset=&#8220;default&#8220; global_colors_info=&#8220;{}&#8220;][et_pb_image src=&#8220;https:\/\/estoesunaeuropamassaludable.eu\/wp-content\/uploads\/2025\/07\/fresh-02.jpg&#8220; title_text=&#8220;fresh 02&#8243; show_in_lightbox=&#8220;on&#8220; _builder_version=&#8220;4.27.4&#8243; _module_preset=&#8220;default&#8220; global_colors_info=&#8220;{}&#8220;][\/et_pb_image][\/et_pb_column][et_pb_column type=&#8220;1_4&#8243; _builder_version=&#8220;4.27.4&#8243; _module_preset=&#8220;default&#8220; global_colors_info=&#8220;{}&#8220;][et_pb_image src=&#8220;https:\/\/estoesunaeuropamassaludable.eu\/wp-content\/uploads\/2025\/07\/Brokkoli-01.jpg&#8220; title_text=&#8220;Brokkoli 01&#8243; show_in_lightbox=&#8220;on&#8220; _builder_version=&#8220;4.27.4&#8243; _module_preset=&#8220;default&#8220; global_colors_info=&#8220;{}&#8220;][\/et_pb_image][\/et_pb_column][et_pb_column type=&#8220;1_4&#8243; _builder_version=&#8220;4.27.4&#8243; _module_preset=&#8220;default&#8220; global_colors_info=&#8220;{}&#8220;][et_pb_image src=&#8220;https:\/\/estoesunaeuropamassaludable.eu\/wp-content\/uploads\/2025\/07\/Artischocke-01.jpg&#8220; title_text=&#8220;Artischocke 01&#8243; show_in_lightbox=&#8220;on&#8220; _builder_version=&#8220;4.27.4&#8243; _module_preset=&#8220;default&#8220; global_colors_info=&#8220;{}&#8220;][\/et_pb_image][\/et_pb_column][\/et_pb_row][et_pb_row _builder_version=&#8220;4.27.4&#8243; _module_preset=&#8220;default&#8220; global_colors_info=&#8220;{}&#8220;][et_pb_column type=&#8220;4_4&#8243; _builder_version=&#8220;4.27.4&#8243; _module_preset=&#8220;default&#8220; global_colors_info=&#8220;{}&#8220;][et_pb_image src=&#8220;https:\/\/estoesunaeuropamassaludable.eu\/wp-content\/uploads\/2026\/02\/graficas_divan_cute_generica_ge.jpg&#8220; title_text=&#8220;graficas_divan_cute_generica_ge&#8220; _builder_version=&#8220;4.27.5&#8243; _module_preset=&#8220;default&#8220; width=&#8220;70%&#8220; module_alignment=&#8220;center&#8220; global_colors_info=&#8220;{}&#8220;][\/et_pb_image][\/et_pb_column][\/et_pb_row][et_pb_row column_structure=&#8220;1_3,1_3,1_3&#8243; _builder_version=&#8220;4.27.4&#8243; _module_preset=&#8220;default&#8220; global_colors_info=&#8220;{}&#8220;][et_pb_column type=&#8220;1_3&#8243; _builder_version=&#8220;4.27.4&#8243; _module_preset=&#8220;default&#8220; global_colors_info=&#8220;{}&#8220;][et_pb_image src=&#8220;https:\/\/estoesunaeuropamassaludable.eu\/wp-content\/uploads\/2026\/02\/graficas_divan_cute_brocoli_ge.jpg&#8220; title_text=&#8220;graficas_divan_cute_brocoli_ge&#8220; show_in_lightbox=&#8220;on&#8220; _builder_version=&#8220;4.27.5&#8243; _module_preset=&#8220;default&#8220; global_colors_info=&#8220;{}&#8220;][\/et_pb_image][et_pb_image src=&#8220;https:\/\/estoesunaeuropamassaludable.eu\/wp-content\/uploads\/2026\/02\/graficas_divan_cute_brocoli_02_ge.jpg&#8220; title_text=&#8220;graficas_divan_cute_brocoli_02_ge&#8220; show_in_lightbox=&#8220;on&#8220; _builder_version=&#8220;4.27.5&#8243; _module_preset=&#8220;default&#8220; global_colors_info=&#8220;{}&#8220;][\/et_pb_image][\/et_pb_column][et_pb_column type=&#8220;1_3&#8243; _builder_version=&#8220;4.27.4&#8243; _module_preset=&#8220;default&#8220; global_colors_info=&#8220;{}&#8220;][et_pb_image src=&#8220;https:\/\/estoesunaeuropamassaludable.eu\/wp-content\/uploads\/2026\/02\/graficas_divan_cute_alcachofa_ge.jpg&#8220; title_text=&#8220;graficas_divan_cute_alcachofa_ge&#8220; show_in_lightbox=&#8220;on&#8220; _builder_version=&#8220;4.27.5&#8243; _module_preset=&#8220;default&#8220; global_colors_info=&#8220;{}&#8220;][\/et_pb_image][et_pb_image src=&#8220;https:\/\/estoesunaeuropamassaludable.eu\/wp-content\/uploads\/2026\/02\/graficas_divan_cute_alcachofa_02_ge.jpg&#8220; title_text=&#8220;graficas_divan_cute_alcachofa_02_ge&#8220; show_in_lightbox=&#8220;on&#8220; _builder_version=&#8220;4.27.5&#8243; _module_preset=&#8220;default&#8220; global_colors_info=&#8220;{}&#8220;][\/et_pb_image][\/et_pb_column][et_pb_column type=&#8220;1_3&#8243; _builder_version=&#8220;4.27.4&#8243; _module_preset=&#8220;default&#8220; global_colors_info=&#8220;{}&#8220;][et_pb_image src=&#8220;https:\/\/estoesunaeuropamassaludable.eu\/wp-content\/uploads\/2026\/02\/graficas_divan_cute_fresa_ge.jpg&#8220; title_text=&#8220;graficas_divan_cute_fresa_ge&#8220; show_in_lightbox=&#8220;on&#8220; _builder_version=&#8220;4.27.5&#8243; _module_preset=&#8220;default&#8220; global_colors_info=&#8220;{}&#8220;][\/et_pb_image][et_pb_image src=&#8220;https:\/\/estoesunaeuropamassaludable.eu\/wp-content\/uploads\/2026\/02\/graficas_divan_cute_fresa_02_ge.jpg&#8220; title_text=&#8220;graficas_divan_cute_fresa_02_ge&#8220; show_in_lightbox=&#8220;on&#8220; _builder_version=&#8220;4.27.5&#8243; _module_preset=&#8220;default&#8220; global_colors_info=&#8220;{}&#8220;][\/et_pb_image][\/et_pb_column][\/et_pb_row][et_pb_row _builder_version=&#8220;4.17.4&#8243; _module_preset=&#8220;default&#8220; global_colors_info=&#8220;{}&#8220;][et_pb_column type=&#8220;4_4&#8243; _builder_version=&#8220;4.17.4&#8243; _module_preset=&#8220;default&#8220; global_colors_info=&#8220;{}&#8220;][et_pb_text _builder_version=&#8220;4.27.4&#8243; _module_preset=&#8220;b327cbe4-b1d5-4b66-ad37-40c8f2f061ba&#8220; header_2_font=&#8220;Gotham Black|600|||||||&#8220; header_2_text_color=&#8220;#38732f&#8220; header_2_font_size=&#8220;55px&#8220; header_2_line_height=&#8220;1.2em&#8220; header_2_font_size_tablet=&#8220;32px&#8220; header_2_font_size_phone=&#8220;20px&#8220; header_2_font_size_last_edited=&#8220;on|desktop&#8220; global_colors_info=&#8220;{}&#8220;]<\/p>\n<h2 style=\"text-align: center;\">Wie?<\/h2>\n<p>[\/et_pb_text][et_pb_text _builder_version=&#8220;4.27.4&#8243; _module_preset=&#8220;1f09816e-184e-4ce5-a4cf-b39c52c423ca&#8220; text_font=&#8220;Libre Franklin||||||||&#8220; text_font_size=&#8220;16px&#8220; text_line_height=&#8220;1.6em&#8220; custom_margin=&#8220;-31px||||false|false&#8220; text_font_size_tablet=&#8220;15px&#8220; text_font_size_phone=&#8220;14px&#8220; text_font_size_last_edited=&#8220;on|phone&#8220; header_font_size_tablet=&#8220;55px&#8220; header_font_size_last_edited=&#8220;off|desktop&#8220; global_colors_info=&#8220;{}&#8220;]<\/p>\n<p><strong>Indem wir in den Haushalten agieren und uns<\/strong> an <strong>diejenigen<\/strong> wenden,<strong> die einkaufen, kochen und erziehen.<\/strong> Denn <strong>wenn eine Familie besser isst, ver\u00e4ndert sich alles.<\/strong><\/p>\n<p>Wir m\u00f6chten die <strong>Ern\u00e4hrungsgewohnheiten der Europ\u00e4er von Grund auf ver\u00e4ndern,<\/strong> indem wir sie dazu motivieren,<strong> t\u00e4glich mehr Obst und Gem\u00fcse zu essen<\/strong> und <strong>einen ges\u00fcnderen Lebensstil zu f\u00fchren,<\/strong> um <strong>Krankheiten <\/strong>wie Diabetes, Krebs oder Fettleibigkeit bei Kindern <strong>vorzubeugen.<\/strong> Diejenigen bef\u00e4higen, die Einfluss auf die Ern\u00e4hrung zu Hause haben, wie <strong>V\u00e4ter und M\u00fctter, junge Menschen<\/strong> und <strong>Influencer im Bereich Wellbeing<\/strong>.<\/p>\n<p>Alles, was dazu beitr\u00e4gt, ein Umfeld zu schaffen, in dem gesundes Essen <strong>einfach, k\u00f6stlich und selbstverst\u00e4ndlich ist.<\/strong><\/p>\n<p><strong>Eine echte und dauerhafte Ver\u00e4nderung der Art und Weise,<\/strong> wie Europa sich ern\u00e4hrt, die wir auf <strong>lokaler<\/strong> Ebene, in unserer <strong>unmittelbaren Umgebung<\/strong> und in den <strong>europ\u00e4ischen Haushalten<\/strong> erreichen wollen.<\/p>\n<p>[\/et_pb_text][\/et_pb_column][\/et_pb_row][\/et_pb_section]<\/p>\n","protected":false},"excerpt":{"rendered":"<p>Das ist nicht nur eine kampagne Das ist eine Herausforderung auf europ\u00e4ischem Niveau.\u201eIn Europa haben wir die M\u00f6glichkeit, unsere Gesundheit zu verbessern, indem wir mehr Obst und Gem\u00fcse verzehren.\u201c\u201eDie WHO empfiehlt mindestens 400 g frisches Obst und Gem\u00fcse pro Tag.\u201c In der EU liegt der durchschnittliche Verzehr jedoch unter 350 g\/Tag, wobei in L\u00e4ndern wie [&hellip;]<\/p>\n","protected":false},"author":1,"featured_media":0,"parent":0,"menu_order":0,"comment_status":"closed","ping_status":"closed","template":"","meta":{"_et_pb_use_builder":"on","_et_pb_old_content":"","_et_gb_content_width":"","footnotes":""},"class_list":["post-835","page","type-page","status-publish","hentry"],"_links":{"self":[{"href":"https:\/\/estoesunaeuropamassaludable.eu\/de\/wp-json\/wp\/v2\/pages\/835","targetHints":{"allow":["GET"]}}],"collection":[{"href":"https:\/\/estoesunaeuropamassaludable.eu\/de\/wp-json\/wp\/v2\/pages"}],"about":[{"href":"https:\/\/estoesunaeuropamassaludable.eu\/de\/wp-json\/wp\/v2\/types\/page"}],"author":[{"embeddable":true,"href":"https:\/\/estoesunaeuropamassaludable.eu\/de\/wp-json\/wp\/v2\/users\/1"}],"replies":[{"embeddable":true,"href":"https:\/\/estoesunaeuropamassaludable.eu\/de\/wp-json\/wp\/v2\/comments?post=835"}],"version-history":[{"count":11,"href":"https:\/\/estoesunaeuropamassaludable.eu\/de\/wp-json\/wp\/v2\/pages\/835\/revisions"}],"predecessor-version":[{"id":1710,"href":"https:\/\/estoesunaeuropamassaludable.eu\/de\/wp-json\/wp\/v2\/pages\/835\/revisions\/1710"}],"wp:attachment":[{"href":"https:\/\/estoesunaeuropamassaludable.eu\/de\/wp-json\/wp\/v2\/media?parent=835"}],"curies":[{"name":"wp","href":"https:\/\/api.w.org\/{rel}","templated":true}]}}