{"id":868,"date":"2025-05-07T09:03:24","date_gmt":"2025-05-07T09:03:24","guid":{"rendered":"https:\/\/estoesunaeuropamassaludable.eu\/brokkoli\/"},"modified":"2026-02-23T10:31:36","modified_gmt":"2026-02-23T10:31:36","slug":"brokkoli","status":"publish","type":"page","link":"https:\/\/estoesunaeuropamassaludable.eu\/de\/brokkoli\/","title":{"rendered":"Brokkoli"},"content":{"rendered":"<p>[et_pb_section fb_built=&#8220;1&#8243; disabled_on=&#8220;off|off|off&#8220; _builder_version=&#8220;4.27.5&#8243; _module_preset=&#8220;default&#8220; background_enable_color=&#8220;off&#8220; custom_margin=&#8220;||||false|false&#8220; custom_padding=&#8220;40px||||false|false&#8220; global_colors_info=&#8220;{}&#8220;][et_pb_row _builder_version=&#8220;4.27.5&#8243; _module_preset=&#8220;default&#8220; global_colors_info=&#8220;{}&#8220;][et_pb_column type=&#8220;4_4&#8243; _builder_version=&#8220;4.27.5&#8243; _module_preset=&#8220;default&#8220; global_colors_info=&#8220;{}&#8220;][et_pb_text _builder_version=&#8220;4.27.5&#8243; _module_preset=&#8220;default&#8220; hover_enabled=&#8220;0&#8243; global_colors_info=&#8220;{}&#8220; sticky_enabled=&#8220;0&#8243;]<\/p>\n<p style=\"text-align: center;\"><a rel=\"nofollow noreferrer\" href=\"https:\/\/youtu.be\/gNzGya-rtw4\" class=\"vp-a vp-yt-type vp-modal-click vp-modal-click_shortcode vp-has-img\"><img decoding=\"async\" class=\"vp-img\" src=\"https:\/\/estoesunaeuropamassaludable.eu\/wp-content\/uploads\/2026\/02\/header-brocoli_ok_play_ge.jpg\"><\/a><\/p>\n<p>[\/et_pb_text][\/et_pb_column][\/et_pb_row][\/et_pb_section][et_pb_section fb_built=&#8220;1&#8243; custom_padding_last_edited=&#8220;on|phone&#8220; admin_label=&#8220;Service&#8220; _builder_version=&#8220;4.27.5&#8243; _module_preset=&#8220;default&#8220; background_enable_color=&#8220;off&#8220; custom_margin=&#8220;0px||||false|false&#8220; custom_margin_tablet=&#8220;0px||||false|false&#8220; custom_margin_phone=&#8220;-57px||||false|false&#8220; custom_margin_last_edited=&#8220;on|phone&#8220; custom_padding=&#8220;0px||||false|false&#8220; custom_padding_tablet=&#8220;0px||||false|false&#8220; custom_padding_phone=&#8220;0px||||false|false&#8220; collapsed=&#8220;on&#8220; global_colors_info=&#8220;{}&#8220;][et_pb_row column_structure=&#8220;1_3,1_3,1_3&#8243; _builder_version=&#8220;4.17.4&#8243; _module_preset=&#8220;default&#8220; locked=&#8220;off&#8220; global_colors_info=&#8220;{}&#8220;][et_pb_column type=&#8220;1_3&#8243; _builder_version=&#8220;4.17.4&#8243; _module_preset=&#8220;default&#8220; global_colors_info=&#8220;{}&#8220;][et_pb_text _builder_version=&#8220;4.27.4&#8243; _module_preset=&#8220;1f09816e-184e-4ce5-a4cf-b39c52c423ca&#8220; text_font=&#8220;Libre Franklin||||||||&#8220; text_font_size=&#8220;16px&#8220; text_line_height=&#8220;1.6em&#8220; text_font_size_tablet=&#8220;15px&#8220; text_font_size_phone=&#8220;14px&#8220; text_font_size_last_edited=&#8220;on|phone&#8220; header_font_size_tablet=&#8220;55px&#8220; header_font_size_last_edited=&#8220;off|desktop&#8220; global_colors_info=&#8220;{}&#8220;]<\/p>\n<p><span>Brokkoli gilt aufgrund seines <strong>hohen N\u00e4hrstoffgehalts<\/strong> als <strong>Superfood<\/strong> und liefert eine <strong>Vielzahl von Vitaminen<\/strong> wie <strong>Vitamin A, Beta-Carotin, B1, B2, B6, E und C.<\/strong><\/span><\/p>\n<p><span>Diese N\u00e4hrstoffkombination macht Brokkoli zu einem <strong>nat\u00fcrlichen Antioxidans<\/strong> f\u00fcr unseren K\u00f6rper, insbesondere dank <strong>Vitamin C,<\/strong> das die Zellen vor oxidativen Sch\u00e4den sch\u00fctzt.<\/span><\/p>\n<p><span><\/span><span>Dar\u00fcber hinaus ist Brokkoli eine<strong> fettfreie Ballaststoffquelle<\/strong> (3 g pro 100 g), was ihn zu einem <strong>s\u00e4ttigenden und kalorienarmen Lebensmittel<\/strong> macht. Au\u00dferdem ist er eine gute <strong>Quelle f\u00fcr Eisen<\/strong>, ein Mineralstoff, tr\u00e4gt zur normalen Funktion des Immunsystems bei und hilft, M\u00fcdigkeit und Ersch\u00f6pfung zu verringern.<\/span><\/p>\n<p><span>Zus\u00e4tzlich zu all diesen N\u00e4hrwerten hat Brokkoli einen <strong>einzigartigen und k\u00f6stlichen Geschmack und kann auf vielf\u00e4ltige Weise zubereitet werden:<\/strong> gekocht, gebraten, roh in Salaten, in Cremesuppen und vieles mehr.<\/span><\/p>\n<p>[\/et_pb_text][\/et_pb_column][et_pb_column type=&#8220;1_3&#8243; _builder_version=&#8220;4.17.4&#8243; _module_preset=&#8220;default&#8220; global_colors_info=&#8220;{}&#8220;][et_pb_image src=&#8220;https:\/\/estoesunaeuropamassaludable.eu\/wp-content\/uploads\/2025\/05\/brocoli_valores_nutricionales.png&#8220; title_text=&#8220;brocoli_valores_nutricionales&#8220; align=&#8220;center&#8220; _builder_version=&#8220;4.27.4&#8243; _module_preset=&#8220;default&#8220; z_index=&#8220;1&#8243; custom_margin=&#8220;||||false|false&#8220; global_colors_info=&#8220;{}&#8220;][\/et_pb_image][\/et_pb_column][et_pb_column type=&#8220;1_3&#8243; _builder_version=&#8220;4.17.4&#8243; _module_preset=&#8220;default&#8220; global_colors_info=&#8220;{}&#8220;][et_pb_text _builder_version=&#8220;4.27.4&#8243; _module_preset=&#8220;985c817d-db2f-47c6-ab8f-58cc30e380aa&#8220; header_5_font=&#8220;Gotham Book|600|||||||&#8220; header_5_text_color=&#8220;#38732f&#8220; header_5_font_size=&#8220;20px&#8220; header_5_line_height=&#8220;1.5em&#8220; custom_margin=&#8220;||10px||false|false&#8220; header_5_font_size_tablet=&#8220;15px&#8220; header_5_font_size_phone=&#8220;14px&#8220; header_5_font_size_last_edited=&#8220;on|desktop&#8220; border_color_all=&#8220;#38732f&#8220; border_width_bottom=&#8220;1px&#8220; locked=&#8220;off&#8220; global_colors_info=&#8220;{}&#8220;]<\/p>\n<h5>Vitamin C<\/h5>\n<p>[\/et_pb_text][et_pb_text _builder_version=&#8220;4.27.4&#8243; _module_preset=&#8220;4c43b4b6-66bf-432d-959a-705bda24a650&#8243; text_font=&#8220;Libre Franklin||||||||&#8220; custom_margin=&#8220;||10%||false|false&#8220; custom_margin_tablet=&#8220;||30px||false|false&#8220; custom_margin_phone=&#8220;||30px||false|false&#8220; custom_margin_last_edited=&#8220;on|tablet&#8220; header_font_size_tablet=&#8220;55px&#8220; header_font_size_last_edited=&#8220;off|desktop&#8220; locked=&#8220;off&#8220; global_colors_info=&#8220;{}&#8220;]<\/p>\n<p>(1 Portion \u00e0 200 g = das Doppelte der empfohlenen Tagesdosis)<\/p>\n<p>[\/et_pb_text][et_pb_text _builder_version=&#8220;4.27.4&#8243; _module_preset=&#8220;985c817d-db2f-47c6-ab8f-58cc30e380aa&#8220; header_5_font=&#8220;Gotham Book|600|||||||&#8220; header_5_text_color=&#8220;#38732f&#8220; header_5_font_size=&#8220;20px&#8220; header_5_line_height=&#8220;1.5em&#8220; custom_margin=&#8220;||10px||false|false&#8220; header_5_font_size_tablet=&#8220;15px&#8220; header_5_font_size_phone=&#8220;14px&#8220; header_5_font_size_last_edited=&#8220;on|desktop&#8220; border_color_all=&#8220;#38732f&#8220; border_width_bottom=&#8220;1px&#8220; locked=&#8220;off&#8220; global_colors_info=&#8220;{}&#8220;]<\/p>\n<h5>Fols\u00e4ure<\/h5>\n<p>[\/et_pb_text][et_pb_text _builder_version=&#8220;4.27.4&#8243; _module_preset=&#8220;4c43b4b6-66bf-432d-959a-705bda24a650&#8243; text_font=&#8220;Libre Franklin||||||||&#8220; custom_margin=&#8220;||10%||false|false&#8220; custom_margin_tablet=&#8220;||30px||false|false&#8220; custom_margin_phone=&#8220;||30px||false|false&#8220; custom_margin_last_edited=&#8220;on|tablet&#8220; header_font_size_tablet=&#8220;55px&#8220; header_font_size_last_edited=&#8220;off|desktop&#8220; locked=&#8220;off&#8220; global_colors_info=&#8220;{}&#8220;]<\/p>\n<p>Die zu einer normalen Funktion des Immunsystems, zu einer normalen Bildung von Blutzellen und zur Verringerung von M\u00fcdigkeit und Ersch\u00f6pfung beitr\u00e4gt (1 Portion = ein Viertel der empfohlenen Tagesdosis).<\/p>\n<p>[\/et_pb_text][et_pb_text _builder_version=&#8220;4.27.4&#8243; _module_preset=&#8220;985c817d-db2f-47c6-ab8f-58cc30e380aa&#8220; header_5_font=&#8220;Gotham Book|600|||||||&#8220; header_5_text_color=&#8220;#38732f&#8220; header_5_font_size=&#8220;20px&#8220; header_5_line_height=&#8220;1.5em&#8220; custom_margin=&#8220;||10px||false|false&#8220; header_5_font_size_tablet=&#8220;15px&#8220; header_5_font_size_phone=&#8220;14px&#8220; header_5_font_size_last_edited=&#8220;on|desktop&#8220; border_color_all=&#8220;#38732f&#8220; border_width_bottom=&#8220;1px&#8220; locked=&#8220;off&#8220; global_colors_info=&#8220;{}&#8220;]<\/p>\n<h5>Eisen<\/h5>\n<p>[\/et_pb_text][et_pb_text _builder_version=&#8220;4.27.4&#8243; _module_preset=&#8220;4c43b4b6-66bf-432d-959a-705bda24a650&#8243; text_font=&#8220;Libre Franklin||||||||&#8220; custom_margin=&#8220;||10%||false|false&#8220; custom_margin_tablet=&#8220;||0%||false|false&#8220; custom_margin_phone=&#8220;||0%||false|false&#8220; custom_margin_last_edited=&#8220;on|tablet&#8220; header_font_size_tablet=&#8220;55px&#8220; header_font_size_last_edited=&#8220;off|desktop&#8220; locked=&#8220;off&#8220; global_colors_info=&#8220;{}&#8220;]<\/p>\n<p>(1 Portion = 20 % der empfohlenen Tagesdosis f\u00fcr M\u00e4nner \/ 12 % f\u00fcr Frauen)<\/p>\n<p>[\/et_pb_text][et_pb_text _builder_version=&#8220;4.27.4&#8243; _module_preset=&#8220;985c817d-db2f-47c6-ab8f-58cc30e380aa&#8220; header_5_font=&#8220;Gotham Book|600|||||||&#8220; header_5_text_color=&#8220;#38732f&#8220; header_5_font_size=&#8220;20px&#8220; header_5_line_height=&#8220;1.5em&#8220; custom_margin=&#8220;||10px||false|false&#8220; custom_margin_tablet=&#8220;||10px||false|false&#8220; custom_margin_phone=&#8220;28px||||false|false&#8220; custom_margin_last_edited=&#8220;on|phone&#8220; header_5_font_size_tablet=&#8220;15px&#8220; header_5_font_size_phone=&#8220;14px&#8220; header_5_font_size_last_edited=&#8220;on|desktop&#8220; border_color_all=&#8220;#38732f&#8220; border_width_bottom=&#8220;1px&#8220; locked=&#8220;off&#8220; global_colors_info=&#8220;{}&#8220;]<\/p>\n<h5>Phosphor<\/h5>\n<p>[\/et_pb_text][et_pb_text _builder_version=&#8220;4.27.4&#8243; _module_preset=&#8220;4c43b4b6-66bf-432d-959a-705bda24a650&#8243; text_font=&#8220;Libre Franklin||||||||&#8220; custom_margin=&#8220;||10%||false|false&#8220; custom_margin_tablet=&#8220;||0%||false|false&#8220; custom_margin_phone=&#8220;||0%||false|false&#8220; custom_margin_last_edited=&#8220;on|tablet&#8220; header_font_size_tablet=&#8220;55px&#8220; header_font_size_last_edited=&#8220;off|desktop&#8220; locked=&#8220;off&#8220; global_colors_info=&#8220;{}&#8220;]<\/p>\n<p>Der zur Entwicklung der Knochen bei Kindern und zur Aufrechterhaltung eines normalen Energiestoffwechsels beitr\u00e4gt.<\/p>\n<p>[\/et_pb_text][et_pb_text _builder_version=&#8220;4.27.4&#8243; _module_preset=&#8220;985c817d-db2f-47c6-ab8f-58cc30e380aa&#8220; header_5_font=&#8220;Gotham Book|600|||||||&#8220; header_5_text_color=&#8220;#38732f&#8220; header_5_font_size=&#8220;20px&#8220; header_5_line_height=&#8220;1.5em&#8220; custom_margin=&#8220;||10px||false|false&#8220; custom_margin_tablet=&#8220;||10px||false|false&#8220; custom_margin_phone=&#8220;28px||10px||false|false&#8220; custom_margin_last_edited=&#8220;on|phone&#8220; header_5_font_size_tablet=&#8220;15px&#8220; header_5_font_size_phone=&#8220;14px&#8220; header_5_font_size_last_edited=&#8220;on|desktop&#8220; border_color_all=&#8220;#38732f&#8220; border_width_bottom=&#8220;1px&#8220; locked=&#8220;off&#8220; global_colors_info=&#8220;{}&#8220;]<\/p>\n<h5>Schwefel<\/h5>\n<p>[\/et_pb_text][et_pb_text _builder_version=&#8220;4.27.4&#8243; _module_preset=&#8220;4c43b4b6-66bf-432d-959a-705bda24a650&#8243; text_font=&#8220;Libre Franklin||||||||&#8220; custom_margin=&#8220;||10%||false|false&#8220; custom_margin_tablet=&#8220;||0%||false|false&#8220; custom_margin_phone=&#8220;||0%||false|false&#8220; custom_margin_last_edited=&#8220;on|tablet&#8220; header_font_size_tablet=&#8220;55px&#8220; header_font_size_last_edited=&#8220;off|desktop&#8220; locked=&#8220;off&#8220; global_colors_info=&#8220;{}&#8220;]<\/p>\n<p>Hat antimikrobielle Eigenschaften<\/p>\n<p>[\/et_pb_text][\/et_pb_column][\/et_pb_row][et_pb_row _builder_version=&#8220;4.27.4&#8243; _module_preset=&#8220;default&#8220; global_colors_info=&#8220;{}&#8220;][et_pb_column type=&#8220;4_4&#8243; _builder_version=&#8220;4.27.4&#8243; _module_preset=&#8220;default&#8220; global_colors_info=&#8220;{}&#8220;][et_pb_text _builder_version=&#8220;4.27.4&#8243; _module_preset=&#8220;985c817d-db2f-47c6-ab8f-58cc30e380aa&#8220; header_5_font=&#8220;Gotham Book|600|||||||&#8220; header_5_text_color=&#8220;#38732f&#8220; header_5_font_size=&#8220;20px&#8220; header_5_line_height=&#8220;1.5em&#8220; custom_margin=&#8220;||10px||false|false&#8220; custom_margin_tablet=&#8220;||10px||false|false&#8220; custom_margin_phone=&#8220;28px||10px||false|false&#8220; custom_margin_last_edited=&#8220;on|phone&#8220; header_5_font_size_tablet=&#8220;15px&#8220; header_5_font_size_phone=&#8220;14px&#8220; header_5_font_size_last_edited=&#8220;on|desktop&#8220; border_color_all=&#8220;#38732f&#8220; border_width_bottom=&#8220;1px&#8220; locked=&#8220;off&#8220; global_colors_info=&#8220;{}&#8220;]<\/p>\n<h5 style=\"text-align: center;\">Saison : das ganze Jahr \u00fcber.<\/h5>\n<p>[\/et_pb_text][et_pb_image src=&#8220;https:\/\/estoesunaeuropamassaludable.eu\/wp-content\/uploads\/2025\/07\/estacionalidad_brocoli_ge.png&#8220; title_text=&#8220;estacionalidad_brocoli_ge&#8220; align=&#8220;center&#8220; _builder_version=&#8220;4.27.4&#8243; _module_preset=&#8220;default&#8220; global_colors_info=&#8220;{}&#8220;][\/et_pb_image][\/et_pb_column][\/et_pb_row][\/et_pb_section]<\/p>\n","protected":false},"excerpt":{"rendered":"<p><a rel=\"nofollow noreferrer\" href=\"https:\/\/youtu.be\/gNzGya-rtw4\" class=\"vp-a vp-yt-type vp-modal-click vp-modal-click_shortcode vp-has-img\"><img decoding=\"async\" class=\"vp-img\" src=\"https:\/\/estoesunaeuropamassaludable.eu\/wp-content\/uploads\/2026\/02\/header-brocoli_ok_play_ge.jpg\"><\/a>Brokkoli gilt aufgrund seines hohen N\u00e4hrstoffgehalts als Superfood und liefert eine Vielzahl von Vitaminen wie Vitamin A, Beta-Carotin, B1, B2, B6, E und C. Diese N\u00e4hrstoffkombination macht Brokkoli zu einem nat\u00fcrlichen Antioxidans f\u00fcr unseren K\u00f6rper, insbesondere dank Vitamin C, das die Zellen vor oxidativen Sch\u00e4den sch\u00fctzt. Dar\u00fcber [&hellip;]<\/p>\n","protected":false},"author":1,"featured_media":0,"parent":0,"menu_order":0,"comment_status":"closed","ping_status":"closed","template":"","meta":{"_et_pb_use_builder":"on","_et_pb_old_content":"","_et_gb_content_width":"","footnotes":""},"class_list":["post-868","page","type-page","status-publish","hentry"],"_links":{"self":[{"href":"https:\/\/estoesunaeuropamassaludable.eu\/de\/wp-json\/wp\/v2\/pages\/868","targetHints":{"allow":["GET"]}}],"collection":[{"href":"https:\/\/estoesunaeuropamassaludable.eu\/de\/wp-json\/wp\/v2\/pages"}],"about":[{"href":"https:\/\/estoesunaeuropamassaludable.eu\/de\/wp-json\/wp\/v2\/types\/page"}],"author":[{"embeddable":true,"href":"https:\/\/estoesunaeuropamassaludable.eu\/de\/wp-json\/wp\/v2\/users\/1"}],"replies":[{"embeddable":true,"href":"https:\/\/estoesunaeuropamassaludable.eu\/de\/wp-json\/wp\/v2\/comments?post=868"}],"version-history":[{"count":7,"href":"https:\/\/estoesunaeuropamassaludable.eu\/de\/wp-json\/wp\/v2\/pages\/868\/revisions"}],"predecessor-version":[{"id":1712,"href":"https:\/\/estoesunaeuropamassaludable.eu\/de\/wp-json\/wp\/v2\/pages\/868\/revisions\/1712"}],"wp:attachment":[{"href":"https:\/\/estoesunaeuropamassaludable.eu\/de\/wp-json\/wp\/v2\/media?parent=868"}],"curies":[{"name":"wp","href":"https:\/\/api.w.org\/{rel}","templated":true}]}}