{"id":873,"date":"2025-05-07T11:18:53","date_gmt":"2025-05-07T11:18:53","guid":{"rendered":"https:\/\/estoesunaeuropamassaludable.eu\/artischocke\/"},"modified":"2026-02-23T10:33:28","modified_gmt":"2026-02-23T10:33:28","slug":"artischocke","status":"publish","type":"page","link":"https:\/\/estoesunaeuropamassaludable.eu\/de\/artischocke\/","title":{"rendered":"Artischocke"},"content":{"rendered":"<p>[et_pb_section fb_built=&#8220;1&#8243; _builder_version=&#8220;4.27.5&#8243; _module_preset=&#8220;default&#8220; background_enable_color=&#8220;off&#8220; custom_margin=&#8220;0px||||false|false&#8220; custom_padding=&#8220;0px||||false|false&#8220; global_colors_info=&#8220;{}&#8220;][et_pb_row _builder_version=&#8220;4.27.5&#8243; _module_preset=&#8220;default&#8220; global_colors_info=&#8220;{}&#8220;][et_pb_column type=&#8220;4_4&#8243; _builder_version=&#8220;4.27.5&#8243; _module_preset=&#8220;default&#8220; global_colors_info=&#8220;{}&#8220;][et_pb_text _builder_version=&#8220;4.27.5&#8243; _module_preset=&#8220;default&#8220; hover_enabled=&#8220;0&#8243; global_colors_info=&#8220;{}&#8220; sticky_enabled=&#8220;0&#8243;]<\/p>\n<p style=\"text-align: center;\"><a rel=\"nofollow noreferrer\" href=\"https:\/\/youtu.be\/uBQ3rtdyJJQ\" class=\"vp-a vp-yt-type vp-modal-click vp-modal-click_shortcode vp-has-img\"><img decoding=\"async\" class=\"vp-img\" src=\"https:\/\/estoesunaeuropamassaludable.eu\/wp-content\/uploads\/2026\/02\/header-alcachofa_ok_ge.jpg\"><\/a><\/p>\n<p>[\/et_pb_text][\/et_pb_column][\/et_pb_row][\/et_pb_section][et_pb_section fb_built=&#8220;1&#8243; admin_label=&#8220;Service&#8220; _builder_version=&#8220;4.27.5&#8243; _module_preset=&#8220;default&#8220; background_enable_color=&#8220;off&#8220; custom_margin=&#8220;0px||||false|false&#8220; custom_margin_tablet=&#8220;0px||||false|false&#8220; custom_margin_phone=&#8220;-68px||||false|false&#8220; custom_margin_last_edited=&#8220;on|phone&#8220; custom_padding=&#8220;0px||||false|false&#8220; collapsed=&#8220;on&#8220; global_colors_info=&#8220;{}&#8220;][et_pb_row column_structure=&#8220;1_3,1_3,1_3&#8243; _builder_version=&#8220;4.17.4&#8243; _module_preset=&#8220;default&#8220; locked=&#8220;off&#8220; global_colors_info=&#8220;{}&#8220;][et_pb_column type=&#8220;1_3&#8243; _builder_version=&#8220;4.17.4&#8243; _module_preset=&#8220;default&#8220; global_colors_info=&#8220;{}&#8220;][et_pb_text _builder_version=&#8220;4.27.4&#8243; _module_preset=&#8220;1f09816e-184e-4ce5-a4cf-b39c52c423ca&#8220; text_font=&#8220;Libre Franklin||||||||&#8220; text_font_size=&#8220;16px&#8220; text_line_height=&#8220;1.6em&#8220; text_font_size_tablet=&#8220;15px&#8220; text_font_size_phone=&#8220;14px&#8220; text_font_size_last_edited=&#8220;on|phone&#8220; header_font_size_tablet=&#8220;55px&#8220; header_font_size_last_edited=&#8220;off|desktop&#8220; global_colors_info=&#8220;{}&#8220;]<\/p>\n<p>Artischocken sind <strong>kalorienarm<\/strong> (44 kcal pro 100 g) und <strong>reich an Ballaststoffen,<\/strong> insbesondere Inulin, das die Darmgesundheit f\u00f6rdert und den Blutzuckerspiegel reguliert. Artischocken zeichnen sich durch ihren hohen <strong>Gehalt an Kalium<\/strong> (430 mg pro 100 g) und <strong>Phosphor<\/strong> (130 mg pro 100 g) aus, welche f\u00fcr das Nervensystem, die Muskeln, Knochen und Z\u00e4hne unerl\u00e4sslich sind.<\/p>\n<p>Sie enthalten <strong>Vitamin C<\/strong>, das die Zellen vor oxidativen Sch\u00e4den sch\u00fctzt, sowie <strong>Vitamin B9 <\/strong>(Fols\u00e4ure), das f\u00fcr die Bildung von Blutzellen wichtig und w\u00e4hrend der Schwangerschaft von gro\u00dfer Bedeutung ist. Sie sind eine Quelle f\u00fcr Cynarin, das die Gallensekretion anregt, die Fettverdauung f\u00f6rdert und die Lebergesundheit unterst\u00fctzt.<\/p>\n<p>Artischocken k\u00f6nnen<strong> gekocht, ged\u00fcnstet, gegrillt, gebraten oder sogar roh genossen<\/strong> werden und lassen sich gut mit einer Vielzahl von Zutaten wie Reis, H\u00fclsenfr\u00fcchten, Fisch oder nativem Oliven\u00f6l extra kombinieren. Sie sind in der K\u00fcche sehr vielseitig einsetzbar. Wenn Sie eine gute Artischocke ausw\u00e4hlen m\u00f6chten, <strong>achten Sie auf kompakte St\u00fccke mit festen, gr\u00fcnen Bl\u00e4ttern ohne dunkle Flecken und ohne trockenen Stiel.<\/strong> Wenn sie beim Dr\u00fccken knirscht, ist sie frisch.<\/p>\n<p>Zur Zubereitung <strong>entfernen Sie die harten \u00e4u\u00dferen Bl\u00e4tter und schneiden Sie die Spitzen ab.<\/strong><strong> Tauchen Sie sie vor dem Kochen in Wasser mit Zitrone oder Petersilie, um Oxidation zu vermeiden.<\/strong> <strong>Dosen- oder Tiefk\u00fchlware ist das ganze Jahr <\/strong>\u00fcber eine gute Alternative.<\/p>\n<p>[\/et_pb_text][\/et_pb_column][et_pb_column type=&#8220;1_3&#8243; _builder_version=&#8220;4.17.4&#8243; _module_preset=&#8220;default&#8220; global_colors_info=&#8220;{}&#8220;][et_pb_image src=&#8220;https:\/\/estoesunaeuropamassaludable.eu\/wp-content\/uploads\/2025\/05\/alcachofa_valores_nutricionales.png&#8220; title_text=&#8220;alcachofa_valores_nutricionales&#8220; align=&#8220;center&#8220; _builder_version=&#8220;4.27.4&#8243; _module_preset=&#8220;default&#8220; z_index=&#8220;1&#8243; custom_margin=&#8220;||||false|false&#8220; global_colors_info=&#8220;{}&#8220;][\/et_pb_image][\/et_pb_column][et_pb_column type=&#8220;1_3&#8243; _builder_version=&#8220;4.17.4&#8243; _module_preset=&#8220;default&#8220; global_colors_info=&#8220;{}&#8220;][et_pb_text _builder_version=&#8220;4.27.4&#8243; _module_preset=&#8220;985c817d-db2f-47c6-ab8f-58cc30e380aa&#8220; header_5_font=&#8220;Gotham Book|600|||||||&#8220; header_5_text_color=&#8220;#74ac7d&#8220; header_5_font_size=&#8220;20px&#8220; header_5_line_height=&#8220;1.5em&#8220; custom_margin=&#8220;||10px||false|false&#8220; header_5_font_size_tablet=&#8220;15px&#8220; header_5_font_size_phone=&#8220;14px&#8220; header_5_font_size_last_edited=&#8220;on|desktop&#8220; border_color_all=&#8220;#74ac7d&#8220; border_width_bottom=&#8220;1px&#8220; locked=&#8220;off&#8220; global_colors_info=&#8220;{}&#8220;]<\/p>\n<h5>Cynarin<\/h5>\n<p>[\/et_pb_text][et_pb_text _builder_version=&#8220;4.27.4&#8243; _module_preset=&#8220;4c43b4b6-66bf-432d-959a-705bda24a650&#8243; text_font=&#8220;Libre Franklin|500|||||||&#8220; custom_margin=&#8220;||10%||false|false&#8220; custom_margin_tablet=&#8220;||30px||false|false&#8220; custom_margin_phone=&#8220;||30px||false|false&#8220; custom_margin_last_edited=&#8220;on|tablet&#8220; header_font_size_tablet=&#8220;55px&#8220; header_font_size_last_edited=&#8220;off|desktop&#8220; locked=&#8220;off&#8220; global_colors_info=&#8220;{}&#8220;]<\/p>\n<p>eine s\u00e4urehaltige Substanz mit choleretischer Wirkung, d. h. mit der F\u00e4higkeit, die Gallensekretion zu steigern, kann bei Prozessen wie der Ansammlung von Fett in der Leber, der Bildung von Steinen in der Gallenblase oder der Bildung von Cholesterin eine Rolle spielen und dar\u00fcber hinaus die Ausscheidung von Urin f\u00f6rdern.<\/p>\n<p>[\/et_pb_text][et_pb_text _builder_version=&#8220;4.27.4&#8243; _module_preset=&#8220;985c817d-db2f-47c6-ab8f-58cc30e380aa&#8220; header_5_font=&#8220;Gotham Book|600|||||||&#8220; header_5_text_color=&#8220;#74ac7d&#8220; header_5_font_size=&#8220;20px&#8220; header_5_line_height=&#8220;1.5em&#8220; custom_margin=&#8220;||10px||false|false&#8220; header_5_font_size_tablet=&#8220;15px&#8220; header_5_font_size_phone=&#8220;14px&#8220; header_5_font_size_last_edited=&#8220;on|desktop&#8220; border_color_all=&#8220;#74ac7d&#8220; border_width_bottom=&#8220;1px&#8220; locked=&#8220;off&#8220; global_colors_info=&#8220;{}&#8220;]<\/p>\n<h5>Sterole<\/h5>\n<p>[\/et_pb_text][et_pb_text _builder_version=&#8220;4.27.4&#8243; _module_preset=&#8220;4c43b4b6-66bf-432d-959a-705bda24a650&#8243; text_font=&#8220;Libre Franklin||||||||&#8220; custom_margin=&#8220;||10%||false|false&#8220; custom_margin_tablet=&#8220;||30px||false|false&#8220; custom_margin_phone=&#8220;||30px||false|false&#8220; custom_margin_last_edited=&#8220;on|tablet&#8220; header_font_size_tablet=&#8220;55px&#8220; header_font_size_last_edited=&#8220;off|desktop&#8220; locked=&#8220;off&#8220; global_colors_info=&#8220;{}&#8220;]<\/p>\n<p>Die die Aufnahme von Cholesterin einschr\u00e4nken k\u00f6nnen<\/p>\n<p>[\/et_pb_text][et_pb_text _builder_version=&#8220;4.27.4&#8243; _module_preset=&#8220;985c817d-db2f-47c6-ab8f-58cc30e380aa&#8220; header_5_font=&#8220;Gotham Book|600|||||||&#8220; header_5_text_color=&#8220;#74ac7d&#8220; header_5_font_size=&#8220;20px&#8220; header_5_line_height=&#8220;1.5em&#8220; custom_margin=&#8220;||10px||false|false&#8220; header_5_font_size_tablet=&#8220;15px&#8220; header_5_font_size_phone=&#8220;14px&#8220; header_5_font_size_last_edited=&#8220;on|desktop&#8220; border_color_all=&#8220;#74ac7d&#8220; border_width_bottom=&#8220;1px&#8220; locked=&#8220;off&#8220; global_colors_info=&#8220;{}&#8220;]<\/p>\n<h5>Ballaststoffe<\/h5>\n<p>[\/et_pb_text][et_pb_text _builder_version=&#8220;4.27.4&#8243; _module_preset=&#8220;4c43b4b6-66bf-432d-959a-705bda24a650&#8243; text_font=&#8220;Libre Franklin||||||||&#8220; custom_margin=&#8220;||10%||false|false&#8220; custom_margin_tablet=&#8220;||0%||false|false&#8220; custom_margin_phone=&#8220;||0%||false|false&#8220; custom_margin_last_edited=&#8220;on|tablet&#8220; header_font_size_tablet=&#8220;55px&#8220; header_font_size_last_edited=&#8220;off|desktop&#8220; locked=&#8220;off&#8220; global_colors_info=&#8220;{}&#8220;]<\/p>\n<p>Die reichlich enthalten sind und zur Regulierung der Darmfunktion beitragen<\/p>\n<p>[\/et_pb_text][et_pb_text _builder_version=&#8220;4.27.4&#8243; _module_preset=&#8220;985c817d-db2f-47c6-ab8f-58cc30e380aa&#8220; header_5_font=&#8220;Gotham Book|600|||||||&#8220; header_5_text_color=&#8220;#74ac7d&#8220; header_5_font_size=&#8220;20px&#8220; header_5_line_height=&#8220;1.5em&#8220; custom_margin=&#8220;||10px||false|false&#8220; custom_margin_tablet=&#8220;||10px||false|false&#8220; custom_margin_phone=&#8220;26px||10px||false|false&#8220; custom_margin_last_edited=&#8220;on|phone&#8220; header_5_font_size_tablet=&#8220;15px&#8220; header_5_font_size_phone=&#8220;14px&#8220; header_5_font_size_last_edited=&#8220;on|desktop&#8220; border_color_all=&#8220;#74ac7d&#8220; border_width_bottom=&#8220;1px&#8220; locked=&#8220;off&#8220; global_colors_info=&#8220;{}&#8220;]<\/p>\n<h5>Thiamin<\/h5>\n<p>[\/et_pb_text][et_pb_text _builder_version=&#8220;4.27.4&#8243; _module_preset=&#8220;4c43b4b6-66bf-432d-959a-705bda24a650&#8243; text_font=&#8220;Libre Franklin||||||||&#8220; custom_margin=&#8220;||10%||false|false&#8220; custom_margin_tablet=&#8220;||0%||false|false&#8220; custom_margin_phone=&#8220;||0%||false|false&#8220; custom_margin_last_edited=&#8220;on|tablet&#8220; header_font_size_tablet=&#8220;55px&#8220; header_font_size_last_edited=&#8220;off|desktop&#8220; locked=&#8220;off&#8220; global_colors_info=&#8220;{}&#8220;]<\/p>\n<p>Das zur normalen Funktion des Herzens, des Nervensystems und psychischer Funktionen beitr\u00e4gt<\/p>\n<p>[\/et_pb_text][\/et_pb_column][\/et_pb_row][et_pb_row _builder_version=&#8220;4.27.4&#8243; _module_preset=&#8220;default&#8220; global_colors_info=&#8220;{}&#8220;][et_pb_column type=&#8220;4_4&#8243; _builder_version=&#8220;4.27.4&#8243; _module_preset=&#8220;default&#8220; global_colors_info=&#8220;{}&#8220;][et_pb_text _builder_version=&#8220;4.27.4&#8243; _module_preset=&#8220;985c817d-db2f-47c6-ab8f-58cc30e380aa&#8220; header_5_font=&#8220;Gotham Book|600|||||||&#8220; header_5_text_color=&#8220;#74ac7d&#8220; header_5_font_size=&#8220;20px&#8220; header_5_line_height=&#8220;1.5em&#8220; custom_margin=&#8220;||10px||false|false&#8220; custom_margin_tablet=&#8220;||10px||false|false&#8220; custom_margin_phone=&#8220;26px||10px||false|false&#8220; custom_margin_last_edited=&#8220;on|phone&#8220; header_5_font_size_tablet=&#8220;15px&#8220; header_5_font_size_phone=&#8220;14px&#8220; header_5_font_size_last_edited=&#8220;on|desktop&#8220; border_color_all=&#8220;#74ac7d&#8220; border_width_bottom=&#8220;1px&#8220; locked=&#8220;off&#8220; global_colors_info=&#8220;{}&#8220;]<\/p>\n<h5 style=\"text-align: center;\">Saison : das ganze Jahr \u00fcber, je nach Sorte.<\/h5>\n<p>[\/et_pb_text][et_pb_image src=&#8220;https:\/\/estoesunaeuropamassaludable.eu\/wp-content\/uploads\/2025\/07\/estacionalidad_alcachofa_ge.png&#8220; title_text=&#8220;estacionalidad_alcachofa_ge&#8220; align=&#8220;center&#8220; _builder_version=&#8220;4.27.4&#8243; _module_preset=&#8220;default&#8220; global_colors_info=&#8220;{}&#8220;][\/et_pb_image][\/et_pb_column][\/et_pb_row][\/et_pb_section]<\/p>\n","protected":false},"excerpt":{"rendered":"<p><a rel=\"nofollow noreferrer\" href=\"https:\/\/youtu.be\/uBQ3rtdyJJQ\" class=\"vp-a vp-yt-type vp-modal-click vp-modal-click_shortcode vp-has-img\"><img decoding=\"async\" class=\"vp-img\" src=\"https:\/\/estoesunaeuropamassaludable.eu\/wp-content\/uploads\/2026\/02\/header-alcachofa_ok_ge.jpg\"><\/a>Artischocken sind kalorienarm (44 kcal pro 100 g) und reich an Ballaststoffen, insbesondere Inulin, das die Darmgesundheit f\u00f6rdert und den Blutzuckerspiegel reguliert. Artischocken zeichnen sich durch ihren hohen Gehalt an Kalium (430 mg pro 100 g) und Phosphor (130 mg pro 100 g) aus, welche f\u00fcr das [&hellip;]<\/p>\n","protected":false},"author":1,"featured_media":0,"parent":0,"menu_order":0,"comment_status":"closed","ping_status":"closed","template":"","meta":{"_et_pb_use_builder":"on","_et_pb_old_content":"","_et_gb_content_width":"","footnotes":""},"class_list":["post-873","page","type-page","status-publish","hentry"],"_links":{"self":[{"href":"https:\/\/estoesunaeuropamassaludable.eu\/de\/wp-json\/wp\/v2\/pages\/873","targetHints":{"allow":["GET"]}}],"collection":[{"href":"https:\/\/estoesunaeuropamassaludable.eu\/de\/wp-json\/wp\/v2\/pages"}],"about":[{"href":"https:\/\/estoesunaeuropamassaludable.eu\/de\/wp-json\/wp\/v2\/types\/page"}],"author":[{"embeddable":true,"href":"https:\/\/estoesunaeuropamassaludable.eu\/de\/wp-json\/wp\/v2\/users\/1"}],"replies":[{"embeddable":true,"href":"https:\/\/estoesunaeuropamassaludable.eu\/de\/wp-json\/wp\/v2\/comments?post=873"}],"version-history":[{"count":8,"href":"https:\/\/estoesunaeuropamassaludable.eu\/de\/wp-json\/wp\/v2\/pages\/873\/revisions"}],"predecessor-version":[{"id":1714,"href":"https:\/\/estoesunaeuropamassaludable.eu\/de\/wp-json\/wp\/v2\/pages\/873\/revisions\/1714"}],"wp:attachment":[{"href":"https:\/\/estoesunaeuropamassaludable.eu\/de\/wp-json\/wp\/v2\/media?parent=873"}],"curies":[{"name":"wp","href":"https:\/\/api.w.org\/{rel}","templated":true}]}}