{"id":879,"date":"2025-05-07T11:40:30","date_gmt":"2025-05-07T11:40:30","guid":{"rendered":"https:\/\/estoesunaeuropamassaludable.eu\/erdbeere\/"},"modified":"2026-02-17T15:47:41","modified_gmt":"2026-02-17T15:47:41","slug":"erdbeere","status":"publish","type":"page","link":"https:\/\/estoesunaeuropamassaludable.eu\/de\/erdbeere\/","title":{"rendered":"Erdbeere"},"content":{"rendered":"<p>[et_pb_section fb_built=&#8220;1&#8243; custom_padding_last_edited=&#8220;on|phone&#8220; _builder_version=&#8220;4.27.5&#8243; _module_preset=&#8220;default&#8220; custom_margin=&#8220;0px||||false|false&#8220; custom_margin_tablet=&#8220;0px||||false|false&#8220; custom_margin_phone=&#8220;||||false|false&#8220; custom_margin_last_edited=&#8220;on|phone&#8220; custom_padding=&#8220;0px||1px||false|false&#8220; custom_padding_tablet=&#8220;0px||1px||false|false&#8220; custom_padding_phone=&#8220;0px||1px||false|false&#8220; hover_enabled=&#8220;0&#8243; global_colors_info=&#8220;{}&#8220; background_enable_color=&#8220;off&#8220; sticky_enabled=&#8220;0&#8243;][et_pb_row _builder_version=&#8220;4.27.5&#8243; _module_preset=&#8220;default&#8220;][et_pb_column _builder_version=&#8220;4.27.5&#8243; _module_preset=&#8220;default&#8220; type=&#8220;4_4&#8243;][et_pb_text _builder_version=&#8220;4.27.5&#8243; _module_preset=&#8220;default&#8220; hover_enabled=&#8220;0&#8243; sticky_enabled=&#8220;0&#8243;]<\/p>\n<p style=\"text-align: center;\"><a rel=\"nofollow noreferrer\" href=\"https:\/\/youtu.be\/IZCTjLZO59g\" class=\"vp-a vp-yt-type vp-modal-click vp-modal-click_shortcode vp-has-img\"><img decoding=\"async\" class=\"vp-img\" src=\"https:\/\/estoesunaeuropamassaludable.eu\/wp-content\/uploads\/2026\/02\/header-fresas_ok_ge.jpg\"><\/a><\/p>\n<p>[\/et_pb_text][\/et_pb_column][\/et_pb_row][\/et_pb_section][et_pb_section fb_built=&#8220;1&#8243; admin_label=&#8220;Service&#8220; _builder_version=&#8220;4.27.5&#8243; _module_preset=&#8220;default&#8220; custom_margin=&#8220;0px||||false|false&#8220; custom_padding=&#8220;24px||||false|false&#8220; hover_enabled=&#8220;0&#8243; collapsed=&#8220;off&#8220; global_colors_info=&#8220;{}&#8220; background_enable_color=&#8220;off&#8220; sticky_enabled=&#8220;0&#8243;][et_pb_row column_structure=&#8220;1_3,1_3,1_3&#8243; _builder_version=&#8220;4.27.4&#8243; _module_preset=&#8220;default&#8220; custom_margin_tablet=&#8220;&#8220; custom_margin_phone=&#8220;-79px||||false|false&#8220; custom_margin_last_edited=&#8220;on|phone&#8220; locked=&#8220;off&#8220; global_colors_info=&#8220;{}&#8220;][et_pb_column type=&#8220;1_3&#8243; _builder_version=&#8220;4.17.4&#8243; _module_preset=&#8220;default&#8220; global_colors_info=&#8220;{}&#8220;][et_pb_text _builder_version=&#8220;4.27.4&#8243; _module_preset=&#8220;1f09816e-184e-4ce5-a4cf-b39c52c423ca&#8220; text_font=&#8220;Libre Franklin||||||||&#8220; text_font_size=&#8220;16px&#8220; text_line_height=&#8220;1.6em&#8220; text_font_size_tablet=&#8220;15px&#8220; text_font_size_phone=&#8220;14px&#8220; text_font_size_last_edited=&#8220;on|phone&#8220; header_font_size_tablet=&#8220;55px&#8220; header_font_size_last_edited=&#8220;off|desktop&#8220; global_colors_info=&#8220;{}&#8220;]<\/p>\n<p>Erdbeeren sind <strong>kalorienarm<\/strong> (90 % Wasser) und eine <strong>ausgezeichnete Vitamin-C-Quelle.<\/strong><strong><br \/><\/strong><br \/>Eine durchschnittliche Portion Erdbeeren (150 g) enth\u00e4lt 81 mg Vitamin C, <strong>was die empfohlene Tageszufuhr dieses Vitamins<\/strong> (60 mg) deutlich \u00fcbersteigt, 228 mg Kalium, das die Muskelfunktion f\u00f6rdert, und 30 mg Kalzium, das Knochen und Z\u00e4hne st\u00e4rkt.<\/p>\n<p>Erdbeeren zeichnen sich durch ihre <strong>hohe antioxidative Wirkung<\/strong> aus, nicht nur aufgrund ihres Gehalts an Anthocyanen, sondern auch aufgrund des Vorhandenseins von Polyphenolen und Vitamin C, die die Zellen vor oxidativen Sch\u00e4den sch\u00fctzen.<\/p>\n<p>Diese Frucht enth\u00e4lt au\u00dferdem <strong>Eisen, Vitamin A<\/strong> f\u00fcr das Immunsystem und <strong>Vitamin B9<\/strong>, das w\u00e4hrend der Schwangerschaft besonders wertvoll ist.<\/p>\n<p>Neben all diesen Eigenschaften sind <strong>Erdbeeren auch sehr vielseitig und k\u00f6nnen auf vielf\u00e4ltige Weise verzehrt werden:<\/strong> frisch, in Geb\u00e4ck, in Salaten, als Tee, in Smoothies und vieles mehr. Die wichtigsten <strong>franz\u00f6sischen Erdbeersorte<\/strong>n sind <strong>Gariguette, Ciflorette, Charlotte<\/strong> und die sogenannten <strong>\u201erunden Sorten\u201c.<\/strong><\/p>\n<p>[\/et_pb_text][\/et_pb_column][et_pb_column type=&#8220;1_3&#8243; _builder_version=&#8220;4.17.4&#8243; _module_preset=&#8220;default&#8220; global_colors_info=&#8220;{}&#8220;][et_pb_image src=&#8220;https:\/\/estoesunaeuropamassaludable.eu\/wp-content\/uploads\/2025\/05\/fresas_valores_nutricionales.png&#8220; title_text=&#8220;fresas_valores_nutricionales&#8220; align=&#8220;center&#8220; _builder_version=&#8220;4.27.4&#8243; _module_preset=&#8220;default&#8220; z_index=&#8220;1&#8243; custom_margin=&#8220;||||false|false&#8220; global_colors_info=&#8220;{}&#8220;][\/et_pb_image][\/et_pb_column][et_pb_column type=&#8220;1_3&#8243; _builder_version=&#8220;4.17.4&#8243; _module_preset=&#8220;default&#8220; global_colors_info=&#8220;{}&#8220;][et_pb_text _builder_version=&#8220;4.27.4&#8243; _module_preset=&#8220;985c817d-db2f-47c6-ab8f-58cc30e380aa&#8220; header_5_font=&#8220;Gotham Book|600|||||||&#8220; header_5_text_color=&#8220;#e0545c&#8220; header_5_font_size=&#8220;20px&#8220; header_5_line_height=&#8220;1.5em&#8220; custom_margin=&#8220;||10px||false|false&#8220; header_5_font_size_tablet=&#8220;15px&#8220; header_5_font_size_phone=&#8220;14px&#8220; header_5_font_size_last_edited=&#8220;on|desktop&#8220; border_color_all=&#8220;#e0545c&#8220; border_width_bottom=&#8220;1px&#8220; locked=&#8220;off&#8220; global_colors_info=&#8220;{}&#8220;]<\/p>\n<h5>Vitamin C<\/h5>\n<p>[\/et_pb_text][et_pb_text _builder_version=&#8220;4.27.4&#8243; _module_preset=&#8220;4c43b4b6-66bf-432d-959a-705bda24a650&#8243; text_font=&#8220;Libre Franklin||||||||&#8220; custom_margin=&#8220;||10%||false|false&#8220; custom_margin_tablet=&#8220;||30px||false|false&#8220; custom_margin_phone=&#8220;||30px||false|false&#8220; custom_margin_last_edited=&#8220;on|tablet&#8220; header_font_size_tablet=&#8220;55px&#8220; header_font_size_last_edited=&#8220;off|desktop&#8220; locked=&#8220;off&#8220; global_colors_info=&#8220;{}&#8220;]<\/p>\n<p>Das reichlich enthalten ist (1 Portion \u00e0 150 g = 82 mg, mehr als die empfohlene Tagesdosis)<\/p>\n<p>[\/et_pb_text][et_pb_text _builder_version=&#8220;4.27.4&#8243; _module_preset=&#8220;985c817d-db2f-47c6-ab8f-58cc30e380aa&#8220; header_5_font=&#8220;Gotham Book|600|||||||&#8220; header_5_text_color=&#8220;#e0545c&#8220; header_5_font_size=&#8220;20px&#8220; header_5_line_height=&#8220;1.5em&#8220; custom_margin=&#8220;||10px||false|false&#8220; header_5_font_size_tablet=&#8220;15px&#8220; header_5_font_size_phone=&#8220;14px&#8220; header_5_font_size_last_edited=&#8220;on|desktop&#8220; border_color_all=&#8220;#e0545c&#8220; border_width_bottom=&#8220;1px&#8220; locked=&#8220;off&#8220; global_colors_info=&#8220;{}&#8220;]<\/p>\n<h5>Ballaststoffe<\/h5>\n<p>[\/et_pb_text][et_pb_text _builder_version=&#8220;4.27.4&#8243; _module_preset=&#8220;4c43b4b6-66bf-432d-959a-705bda24a650&#8243; text_font=&#8220;Libre Franklin||||||||&#8220; custom_margin=&#8220;||10%||false|false&#8220; custom_margin_tablet=&#8220;||30px||false|false&#8220; custom_margin_phone=&#8220;||30px||false|false&#8220; custom_margin_last_edited=&#8220;on|tablet&#8220; header_font_size_tablet=&#8220;55px&#8220; header_font_size_last_edited=&#8220;off|desktop&#8220; locked=&#8220;off&#8220; global_colors_info=&#8220;{}&#8220;]<\/p>\n<p>Die zur Regulierung der Darmfunktion beitragen<\/p>\n<p>[\/et_pb_text][et_pb_text _builder_version=&#8220;4.27.4&#8243; _module_preset=&#8220;985c817d-db2f-47c6-ab8f-58cc30e380aa&#8220; header_5_font=&#8220;Gotham Book|600|||||||&#8220; header_5_text_color=&#8220;#e0545c&#8220; header_5_font_size=&#8220;20px&#8220; header_5_line_height=&#8220;1.5em&#8220; custom_margin=&#8220;||10px||false|false&#8220; header_5_font_size_tablet=&#8220;15px&#8220; header_5_font_size_phone=&#8220;14px&#8220; header_5_font_size_last_edited=&#8220;on|desktop&#8220; border_color_all=&#8220;#e0545c&#8220; border_width_bottom=&#8220;1px&#8220; locked=&#8220;off&#8220; global_colors_info=&#8220;{}&#8220;]<\/p>\n<h5>Kalium<\/h5>\n<p>[\/et_pb_text][et_pb_text _builder_version=&#8220;4.27.4&#8243; _module_preset=&#8220;4c43b4b6-66bf-432d-959a-705bda24a650&#8243; text_font=&#8220;Libre Franklin||||||||&#8220; custom_margin=&#8220;||10%||false|false&#8220; custom_margin_tablet=&#8220;||0%||false|false&#8220; custom_margin_phone=&#8220;||0%||false|false&#8220; custom_margin_last_edited=&#8220;on|tablet&#8220; header_font_size_tablet=&#8220;55px&#8220; header_font_size_last_edited=&#8220;off|desktop&#8220; locked=&#8220;off&#8220; global_colors_info=&#8220;{}&#8220;]<\/p>\n<p>Das die Muskelfunktion unterst\u00fctzt (1 Portion = 228 mg)<\/p>\n<p>[\/et_pb_text][et_pb_text _builder_version=&#8220;4.27.4&#8243; _module_preset=&#8220;985c817d-db2f-47c6-ab8f-58cc30e380aa&#8220; header_5_font=&#8220;Gotham Book|600|||||||&#8220; header_5_text_color=&#8220;#e0545c&#8220; header_5_font_size=&#8220;20px&#8220; header_5_line_height=&#8220;1.5em&#8220; custom_margin=&#8220;||10px||false|false&#8220; custom_margin_tablet=&#8220;||10px||false|false&#8220; custom_margin_phone=&#8220;28px||10px||false|false&#8220; custom_margin_last_edited=&#8220;on|phone&#8220; header_5_font_size_tablet=&#8220;15px&#8220; header_5_font_size_phone=&#8220;14px&#8220; header_5_font_size_last_edited=&#8220;on|desktop&#8220; border_color_all=&#8220;#e0545c&#8220; border_width_bottom=&#8220;1px&#8220; locked=&#8220;off&#8220; global_colors_info=&#8220;{}&#8220;]<\/p>\n<h5>Kalzium<\/h5>\n<p>[\/et_pb_text][et_pb_text _builder_version=&#8220;4.27.4&#8243; _module_preset=&#8220;4c43b4b6-66bf-432d-959a-705bda24a650&#8243; text_font=&#8220;Libre Franklin||||||||&#8220; custom_margin=&#8220;||10%||false|false&#8220; custom_margin_tablet=&#8220;||0%||false|false&#8220; custom_margin_phone=&#8220;||0%||false|false&#8220; custom_margin_last_edited=&#8220;on|tablet&#8220; header_font_size_tablet=&#8220;55px&#8220; header_font_size_last_edited=&#8220;off|desktop&#8220; locked=&#8220;off&#8220; global_colors_info=&#8220;{}&#8220;]<\/p>\n<p>Das Knochen und Z\u00e4hne st\u00e4rkt (1 Portion = 30 mg)<\/p>\n<p>[\/et_pb_text][et_pb_text _builder_version=&#8220;4.27.4&#8243; _module_preset=&#8220;985c817d-db2f-47c6-ab8f-58cc30e380aa&#8220; header_5_font=&#8220;Gotham Book|600|||||||&#8220; header_5_text_color=&#8220;#e0545c&#8220; header_5_font_size=&#8220;20px&#8220; header_5_line_height=&#8220;1.5em&#8220; custom_margin=&#8220;||10px||false|false&#8220; custom_margin_tablet=&#8220;||10px||false|false&#8220; custom_margin_phone=&#8220;28px||10px||false|false&#8220; custom_margin_last_edited=&#8220;on|phone&#8220; header_5_font_size_tablet=&#8220;15px&#8220; header_5_font_size_phone=&#8220;14px&#8220; header_5_font_size_last_edited=&#8220;on|desktop&#8220; border_color_all=&#8220;#e0545c&#8220; border_width_bottom=&#8220;1px&#8220; locked=&#8220;off&#8220; global_colors_info=&#8220;{}&#8220;]<\/p>\n<h5>Antioxidantien<\/h5>\n<p>[\/et_pb_text][et_pb_text _builder_version=&#8220;4.27.4&#8243; _module_preset=&#8220;4c43b4b6-66bf-432d-959a-705bda24a650&#8243; text_font=&#8220;Libre Franklin||||||||&#8220; custom_margin=&#8220;||10%||false|false&#8220; custom_margin_tablet=&#8220;||0%||false|false&#8220; custom_margin_phone=&#8220;||0%||false|false&#8220; custom_margin_last_edited=&#8220;on|tablet&#8220; header_font_size_tablet=&#8220;55px&#8220; header_font_size_last_edited=&#8220;off|desktop&#8220; locked=&#8220;off&#8220; global_colors_info=&#8220;{}&#8220;]<\/p>\n<p>Wie Anthocyane oder Polyphenole<\/p>\n<p>[\/et_pb_text][et_pb_text _builder_version=&#8220;4.27.4&#8243; _module_preset=&#8220;985c817d-db2f-47c6-ab8f-58cc30e380aa&#8220; header_5_font=&#8220;Gotham Book|600|||||||&#8220; header_5_text_color=&#8220;#e0545c&#8220; header_5_font_size=&#8220;20px&#8220; header_5_line_height=&#8220;1.5em&#8220; custom_margin=&#8220;||10px||false|false&#8220; custom_margin_tablet=&#8220;||10px||false|false&#8220; custom_margin_phone=&#8220;28px||||false|false&#8220; custom_margin_last_edited=&#8220;on|phone&#8220; header_5_font_size_tablet=&#8220;15px&#8220; header_5_font_size_phone=&#8220;14px&#8220; header_5_font_size_last_edited=&#8220;on|desktop&#8220; border_color_all=&#8220;#e0545c&#8220; border_width_bottom=&#8220;1px&#8220; locked=&#8220;off&#8220; global_colors_info=&#8220;{}&#8220;]<\/p>\n<h5>Kalorienarm<\/h5>\n<p>[\/et_pb_text][et_pb_text _builder_version=&#8220;4.27.4&#8243; _module_preset=&#8220;4c43b4b6-66bf-432d-959a-705bda24a650&#8243; text_font=&#8220;Libre Franklin||||||||&#8220; custom_margin=&#8220;||10%||false|false&#8220; custom_margin_tablet=&#8220;||0%||false|false&#8220; custom_margin_phone=&#8220;||0%||false|false&#8220; custom_margin_last_edited=&#8220;on|tablet&#8220; header_font_size_tablet=&#8220;55px&#8220; header_font_size_last_edited=&#8220;off|desktop&#8220; locked=&#8220;off&#8220; global_colors_info=&#8220;{}&#8220;]<\/p>\n<p>(40 Kcal\/100 g)<\/p>\n<p>[\/et_pb_text][\/et_pb_column][\/et_pb_row][et_pb_row _builder_version=&#8220;4.27.4&#8243; _module_preset=&#8220;default&#8220; global_colors_info=&#8220;{}&#8220;][et_pb_column type=&#8220;4_4&#8243; _builder_version=&#8220;4.27.4&#8243; _module_preset=&#8220;default&#8220; global_colors_info=&#8220;{}&#8220;][et_pb_text _builder_version=&#8220;4.27.4&#8243; _module_preset=&#8220;985c817d-db2f-47c6-ab8f-58cc30e380aa&#8220; header_5_font=&#8220;Gotham Book|600|||||||&#8220; header_5_text_color=&#8220;#e0545c&#8220; header_5_font_size=&#8220;20px&#8220; header_5_line_height=&#8220;1.5em&#8220; custom_margin=&#8220;||10px||false|false&#8220; custom_margin_tablet=&#8220;||10px||false|false&#8220; custom_margin_phone=&#8220;28px||||false|false&#8220; custom_margin_last_edited=&#8220;on|phone&#8220; header_5_font_size_tablet=&#8220;15px&#8220; header_5_font_size_phone=&#8220;14px&#8220; header_5_font_size_last_edited=&#8220;on|desktop&#8220; border_color_all=&#8220;#e0545c&#8220; border_width_bottom=&#8220;1px&#8220; locked=&#8220;off&#8220; global_colors_info=&#8220;{}&#8220;]<\/p>\n<h5 style=\"text-align: center;\">Saison : M\u00e4rz\u2013November, je nach Sorte.<\/h5>\n<p>[\/et_pb_text][et_pb_image src=&#8220;https:\/\/estoesunaeuropamassaludable.eu\/wp-content\/uploads\/2025\/07\/estacionalidad_fresa_ge.png&#8220; title_text=&#8220;estacionalidad_fresa_ge&#8220; align=&#8220;center&#8220; _builder_version=&#8220;4.27.4&#8243; _module_preset=&#8220;default&#8220; global_colors_info=&#8220;{}&#8220;][\/et_pb_image][\/et_pb_column][\/et_pb_row][\/et_pb_section]<\/p>\n","protected":false},"excerpt":{"rendered":"<p><a rel=\"nofollow noreferrer\" href=\"https:\/\/youtu.be\/IZCTjLZO59g\" class=\"vp-a vp-yt-type vp-modal-click vp-modal-click_shortcode vp-has-img\"><img decoding=\"async\" class=\"vp-img\" src=\"https:\/\/estoesunaeuropamassaludable.eu\/wp-content\/uploads\/2026\/02\/header-fresas_ok_ge.jpg\"><\/a>Erdbeeren sind kalorienarm (90 % Wasser) und eine ausgezeichnete Vitamin-C-Quelle.Eine durchschnittliche Portion Erdbeeren (150 g) enth\u00e4lt 81 mg Vitamin C, was die empfohlene Tageszufuhr dieses Vitamins (60 mg) deutlich \u00fcbersteigt, 228 mg Kalium, das die Muskelfunktion f\u00f6rdert, und 30 mg Kalzium, das Knochen und Z\u00e4hne st\u00e4rkt. Erdbeeren [&hellip;]<\/p>\n","protected":false},"author":1,"featured_media":0,"parent":0,"menu_order":0,"comment_status":"closed","ping_status":"closed","template":"","meta":{"_et_pb_use_builder":"on","_et_pb_old_content":"","_et_gb_content_width":"","footnotes":""},"class_list":["post-879","page","type-page","status-publish","hentry"],"_links":{"self":[{"href":"https:\/\/estoesunaeuropamassaludable.eu\/de\/wp-json\/wp\/v2\/pages\/879","targetHints":{"allow":["GET"]}}],"collection":[{"href":"https:\/\/estoesunaeuropamassaludable.eu\/de\/wp-json\/wp\/v2\/pages"}],"about":[{"href":"https:\/\/estoesunaeuropamassaludable.eu\/de\/wp-json\/wp\/v2\/types\/page"}],"author":[{"embeddable":true,"href":"https:\/\/estoesunaeuropamassaludable.eu\/de\/wp-json\/wp\/v2\/users\/1"}],"replies":[{"embeddable":true,"href":"https:\/\/estoesunaeuropamassaludable.eu\/de\/wp-json\/wp\/v2\/comments?post=879"}],"version-history":[{"count":5,"href":"https:\/\/estoesunaeuropamassaludable.eu\/de\/wp-json\/wp\/v2\/pages\/879\/revisions"}],"predecessor-version":[{"id":1644,"href":"https:\/\/estoesunaeuropamassaludable.eu\/de\/wp-json\/wp\/v2\/pages\/879\/revisions\/1644"}],"wp:attachment":[{"href":"https:\/\/estoesunaeuropamassaludable.eu\/de\/wp-json\/wp\/v2\/media?parent=879"}],"curies":[{"name":"wp","href":"https:\/\/api.w.org\/{rel}","templated":true}]}}