{"id":884,"date":"2025-05-08T08:57:47","date_gmt":"2025-05-08T08:57:47","guid":{"rendered":"https:\/\/estoesunaeuropamassaludable.eu\/europaeisches-produktionsmodell\/"},"modified":"2025-06-04T10:24:12","modified_gmt":"2025-06-04T10:24:12","slug":"europaeisches-produktionsmodell","status":"publish","type":"page","link":"https:\/\/estoesunaeuropamassaludable.eu\/de\/europaeisches-produktionsmodell\/","title":{"rendered":"Europ\u00e4isches produktionsmodell"},"content":{"rendered":"<p>[et_pb_section fb_built=&#8220;1&#8243; admin_label=&#8220;Feature&#8220; _builder_version=&#8220;4.27.4&#8243; _module_preset=&#8220;default&#8220; background_color=&#8220;#91bc44&#8243; use_background_color_gradient=&#8220;on&#8220; background_color_gradient_direction=&#8220;90deg&#8220; background_color_gradient_stops=&#8220;rgba(0,0,0,0) 60%|#f1f1f1 60%&#8220; background_color_gradient_overlays_image=&#8220;on&#8220; background_color_gradient_start=&#8220;rgba(0,0,0,0)&#8220; background_color_gradient_start_position=&#8220;60%&#8220; background_color_gradient_end=&#8220;#f1f1f1&#8243; background_color_gradient_end_position=&#8220;60%&#8220; background_enable_image=&#8220;off&#8220; background_size=&#8220;contain&#8220; background_position=&#8220;center_left&#8220; overflow-x=&#8220;hidden&#8220; overflow-y=&#8220;hidden&#8220; background_last_edited=&#8220;on|desktop&#8220; background_color_gradient_stops_tablet=&#8220;rgba(0,0,0,0) 100%|#f1f1f1 100%&#8220; background_color_gradient_start_position_tablet=&#8220;100%&#8220; background_color_gradient_end_position_tablet=&#8220;100%&#8220; global_colors_info=&#8220;{}&#8220;][et_pb_row column_structure=&#8220;1_2,1_2&#8243; _builder_version=&#8220;4.27.4&#8243; _module_preset=&#8220;default&#8220; custom_padding=&#8220;1vw||1vw||true|false&#8220; global_colors_info=&#8220;{}&#8220;][et_pb_column type=&#8220;1_2&#8243; _builder_version=&#8220;4.16&#8243; _module_preset=&#8220;default&#8220; global_colors_info=&#8220;{}&#8220;][et_pb_text _builder_version=&#8220;4.27.4&#8243; _module_preset=&#8220;default&#8220; header_2_font=&#8220;Gotham Black|900|||||||&#8220; header_2_text_color=&#8220;#38732f&#8220; header_2_font_size=&#8220;50px&#8220; header_4_font=&#8220;Gotham Black|900|||||||&#8220; header_4_text_color=&#8220;#38732f&#8220; header_4_font_size=&#8220;45px&#8220; header_4_line_height=&#8220;0.3em&#8220; header_5_font=&#8220;Gotham Black|700|||||||&#8220; header_5_font_size=&#8220;20px&#8220; header_5_line_height=&#8220;1.6em&#8220; background_enable_color=&#8220;off&#8220; hover_enabled=&#8220;0&#8243; header_2_font_size_tablet=&#8220;55px&#8220; header_2_font_size_phone=&#8220;45px&#8220; header_2_font_size_last_edited=&#8220;on|tablet&#8220; header_4_font_size_tablet=&#8220;25px&#8220; header_4_font_size_phone=&#8220;18px&#8220; header_4_font_size_last_edited=&#8220;on|phone&#8220; locked=&#8220;off&#8220; global_colors_info=&#8220;{}&#8220; sticky_enabled=&#8220;0&#8243;]<\/p>\n<h4><span style=\"font-size: 0.7em;\">Das ist nicht<\/span> nur<\/h4>\n<h2>ein produktionsmodell<\/h2>\n<h5><\/h5>\n<h5>Das ist ein Bekenntnis zu Nachhaltigkeit, Lebensmittelsicherheit und R\u00fcckverfolgbarkeit<\/h5>\n<p>[\/et_pb_text][et_pb_text _builder_version=&#8220;4.27.4&#8243; _module_preset=&#8220;default&#8220; text_font=&#8220;|600|||||||&#8220; text_text_color=&#8220;#000000&#8243; text_font_size=&#8220;18px&#8220; text_line_height=&#8220;1.8em&#8220; background_enable_color=&#8220;off&#8220; hover_enabled=&#8220;0&#8243; text_font_size_tablet=&#8220;16px&#8220; text_font_size_phone=&#8220;14px&#8220; text_font_size_last_edited=&#8220;on|phone&#8220; locked=&#8220;off&#8220; global_colors_info=&#8220;{}&#8220; sticky_enabled=&#8220;0&#8243;]<\/p>\n<p>Das <strong>europ\u00e4ische Produktionsmodell<\/strong>, nach dem unser <strong>Obst und Gem\u00fcse wie Brokkoli, Artischocken und Erdbeeren in Europa angebaut <\/strong>werden, <strong>ist das weltweit strengste in Bezug auf Lebensmittelsicherheit, R\u00fcckverfolgbarkeit und Nachhaltigkeit.<\/strong> So wird sichergestellt, <strong>dass nur gesunde und nachhaltige Produkte von h\u00f6chster Qualit\u00e4t auf Ihren Tisch gelangen.<\/strong><\/p>\n<p>[\/et_pb_text][\/et_pb_column][et_pb_column type=&#8220;1_2&#8243; _builder_version=&#8220;4.27.4&#8243; _module_preset=&#8220;default&#8220; global_colors_info=&#8220;{}&#8220;][et_pb_image src=&#8220;https:\/\/estoesunaeuropamassaludable.eu\/wp-content\/uploads\/2025\/05\/modelo_produccion.png&#8220; title_text=&#8220;modelo_produccion&#8220; _builder_version=&#8220;4.27.4&#8243; _module_preset=&#8220;default&#8220; transform_origin=&#8220;50%|100%&#8220; custom_margin=&#8220;48px|-180px||-53px|false|false&#8220; custom_margin_tablet=&#8220;|0px|||false|false&#8220; custom_margin_phone=&#8220;||||false|false&#8220; custom_margin_last_edited=&#8220;on|phone&#8220; scroll_rotating=&#8220;0|50|50|100|10\u00b0|0|0&#8243; global_colors_info=&#8220;{}&#8220;][\/et_pb_image][\/et_pb_column][\/et_pb_row][\/et_pb_section][et_pb_section fb_built=&#8220;1&#8243; admin_label=&#8220;About&#8220; _builder_version=&#8220;4.27.4&#8243; _module_preset=&#8220;default&#8220; background_color=&#8220;#f1f1f1&#8243; custom_margin=&#8220;||0px||false|false&#8220; custom_padding=&#8220;||0px||false|false&#8220; collapsed=&#8220;on&#8220; global_colors_info=&#8220;{}&#8220;][et_pb_row column_structure=&#8220;1_2,1_2&#8243; _builder_version=&#8220;4.27.4&#8243; _module_preset=&#8220;default&#8220; custom_margin_tablet=&#8220;&#8220; custom_margin_phone=&#8220;-33px||||false|false&#8220; custom_margin_last_edited=&#8220;on|phone&#8220; custom_css_main_element=&#8220;display: flex;||flex-wrap: wrap;&#8220; global_colors_info=&#8220;{}&#8220;][et_pb_column type=&#8220;1_2&#8243; _builder_version=&#8220;4.27.4&#8243; _module_preset=&#8220;default&#8220; global_colors_info=&#8220;{}&#8220; custom_css_main_element_last_edited=&#8220;on|phone&#8220; custom_css_main_element_phone=&#8220;order: 2;&#8220;][et_pb_image src=&#8220;https:\/\/estoesunaeuropamassaludable.eu\/wp-content\/uploads\/2025\/05\/sostenibilidad_medioambiental.jpg&#8220; title_text=&#8220;Broccoli plantation organic farm&#8220; _builder_version=&#8220;4.27.4&#8243; _module_preset=&#8220;default&#8220; max_width_tablet=&#8220;400px&#8220; max_width_phone=&#8220;400px&#8220; max_width_last_edited=&#8220;on|tablet&#8220; custom_margin_tablet=&#8220;&#8220; custom_margin_phone=&#8220;24px||||false|false&#8220; custom_margin_last_edited=&#8220;on|phone&#8220; global_colors_info=&#8220;{}&#8220;][\/et_pb_image][\/et_pb_column][et_pb_column type=&#8220;1_2&#8243; _builder_version=&#8220;4.17.4&#8243; _module_preset=&#8220;default&#8220; global_colors_info=&#8220;{}&#8220;][et_pb_text _builder_version=&#8220;4.27.4&#8243; _module_preset=&#8220;b327cbe4-b1d5-4b66-ad37-40c8f2f061ba&#8220; header_2_font=&#8220;Gotham Black|600|||||||&#8220; header_2_text_color=&#8220;#38732f&#8220; header_2_font_size=&#8220;42px&#8220; header_2_line_height=&#8220;1.2em&#8220; hover_enabled=&#8220;0&#8243; header_2_font_size_tablet=&#8220;32px&#8220; header_2_font_size_phone=&#8220;20px&#8220; header_2_font_size_last_edited=&#8220;on|desktop&#8220; global_colors_info=&#8220;{}&#8220; sticky_enabled=&#8220;0&#8243;]<\/p>\n<h2><strong>Umweltvertr\u00e4glichkeit<\/strong><\/h2>\n<p>[\/et_pb_text][et_pb_text _builder_version=&#8220;4.27.4&#8243; _module_preset=&#8220;1f09816e-184e-4ce5-a4cf-b39c52c423ca&#8220; text_font=&#8220;Libre Franklin||||||||&#8220; text_font_size=&#8220;16px&#8220; text_line_height=&#8220;1.6em&#8220; width_tablet=&#8220;&#8220; width_phone=&#8220;&#8220; width_last_edited=&#8220;on|desktop&#8220; custom_margin=&#8220;-30px||||false|false&#8220; hover_enabled=&#8220;0&#8243; text_font_size_tablet=&#8220;15px&#8220; text_font_size_phone=&#8220;14px&#8220; text_font_size_last_edited=&#8220;on|phone&#8220; header_font_size_tablet=&#8220;55px&#8220; header_font_size_last_edited=&#8220;off|desktop&#8220; global_colors_info=&#8220;{}&#8220; sticky_enabled=&#8220;0&#8243;]<\/p>\n<p><strong>Nachhaltige Innovation:<\/strong> Spanische Brokkoli- und Artischockenproduzenten setzen innovative landwirtschaftliche Techniken wie Fruchtfolge und integrierten Pflanzenschutz (IPM) ein, um die Bodengesundheit zu erhalten und den Einsatz von Pflanzenschutzmitteln zu reduzieren. Franz\u00f6sische Erdbeerproduzenten setzen au\u00dferdem Techniken der \u00f6kologischen Landwirtschaft ein und f\u00f6rdern best\u00e4uberfreundliche Anbaumethoden, um die Widerstandsf\u00e4higkeit der lokalen \u00d6kosysteme zu st\u00e4rken. Fraises de France hat ein nationales Versuchsprogramm ins Leben gerufen, dessen Ziel es ist, durch Innovation die Anbaumethoden und die Qualit\u00e4t der Fr\u00fcchte zu verbessern. 7 % der franz\u00f6sischen Erdbeeren stammen aus \u00f6kologischem Anbau, wodurch Frankreich zu den f\u00fchrenden L\u00e4ndern in Europa und weltweit z\u00e4hlt.<\/p>\n<p><strong>Verantwortungsvoller Umgang mit Wasser:<\/strong> In Regionen wie Murcia, in der mehr als 40 % der nationalen Artischockenproduktion stattfindet, haben die Erzeuger Pr\u00e4zisionsbew\u00e4sserungstechniken eingef\u00fchrt, um den Wasserverbrauch zu minimieren. Die franz\u00f6sische Erdbeerproduktion konzentriert sich auf den Anbau in kontrollierter Umgebung (CEA), der eine bessere Wasserwirtschaft und einen geringeren Einsatz von Pestiziden erm\u00f6glicht.<\/p>\n<p><strong>Lebensmittelsicherheit und R\u00fcckverfolgbarkeit<\/strong>: Das europ\u00e4ische Produktionsmodell ist in diesen Bereichen wegweisend. Die in der Kampagne repr\u00e4sentierten Sektoren halten sich nicht nur an die geltenden Vorschriften und Regelungen, sondern gehen sogar noch dar\u00fcber hinaus.<\/p>\n<p>[\/et_pb_text][\/et_pb_column][\/et_pb_row][\/et_pb_section][et_pb_section fb_built=&#8220;1&#8243; admin_label=&#8220;About&#8220; _builder_version=&#8220;4.27.4&#8243; _module_preset=&#8220;default&#8220; background_color=&#8220;#f1f1f1&#8243; custom_margin=&#8220;||0px||false|false&#8220; custom_margin_tablet=&#8220;||0px||false|false&#8220; custom_margin_phone=&#8220;-94px||0px||false|false&#8220; custom_margin_last_edited=&#8220;on|phone&#8220; custom_padding=&#8220;||0px||false|false&#8220; collapsed=&#8220;on&#8220; global_colors_info=&#8220;{}&#8220;][et_pb_row column_structure=&#8220;1_2,1_2&#8243; _builder_version=&#8220;4.27.4&#8243; _module_preset=&#8220;default&#8220; custom_css_main_element=&#8220;display: flex;||flex-wrap: wrap;&#8220; global_colors_info=&#8220;{}&#8220;][et_pb_column type=&#8220;1_2&#8243; _builder_version=&#8220;4.17.4&#8243; _module_preset=&#8220;default&#8220; global_colors_info=&#8220;{}&#8220;][et_pb_text _builder_version=&#8220;4.27.4&#8243; _module_preset=&#8220;b327cbe4-b1d5-4b66-ad37-40c8f2f061ba&#8220; header_2_font=&#8220;Gotham Black|600|||||||&#8220; header_2_text_color=&#8220;#38732f&#8220; header_2_font_size=&#8220;42px&#8220; header_2_line_height=&#8220;1.2em&#8220; hover_enabled=&#8220;0&#8243; header_2_font_size_tablet=&#8220;32px&#8220; header_2_font_size_phone=&#8220;20px&#8220; header_2_font_size_last_edited=&#8220;on|desktop&#8220; global_colors_info=&#8220;{}&#8220; sticky_enabled=&#8220;0&#8243;]<\/p>\n<h2><strong>Wirtschaftliche Nachhaltigkeit<\/strong><\/h2>\n<p>[\/et_pb_text][et_pb_text _builder_version=&#8220;4.27.4&#8243; _module_preset=&#8220;1f09816e-184e-4ce5-a4cf-b39c52c423ca&#8220; text_font=&#8220;Libre Franklin||||||||&#8220; text_font_size=&#8220;16px&#8220; text_line_height=&#8220;1.6em&#8220; custom_margin=&#8220;-30px||||false|false&#8220; hover_enabled=&#8220;0&#8243; text_font_size_tablet=&#8220;15px&#8220; text_font_size_phone=&#8220;14px&#8220; text_font_size_last_edited=&#8220;on|phone&#8220; header_font_size_tablet=&#8220;55px&#8220; header_font_size_last_edited=&#8220;off|desktop&#8220; global_colors_info=&#8220;{}&#8220; sticky_enabled=&#8220;0&#8243;]<\/p>\n<p>Wert des in der EU im Jahr 2022 erzeugten Obstes und Gem\u00fcses: 73,4 Milliarden Euro.<\/p>\n<p>Fast 44 Millionen Arbeitspl\u00e4tze in der EU (Landwirtschaft und Lebensmittelindustrie).<\/p>\n<p><strong>Brokkoli:<\/strong> In Spanien wird Brokkoli auf einer Fl\u00e4che von rund 50.000 Hektar angebaut, was einem Ertrag von 600.000 Tonnen Frischware entspricht. Spanien produziert die H\u00e4lfte des Brokkolis, der exportiert und in Europa konsumiert wird.<\/p>\n<p><strong>Artischocke:<\/strong> Spanien ist mit 201.900 Tonnen (2022) der weltweit zweitgr\u00f6\u00dfte Produzent, nur Italien hat eine h\u00f6here Produktionsmenge. 60 % gehen an die Industrie, die restlichen 40 % werden frisch verzehrt. Etwa 75 % bleiben auf dem heimischen Markt, die restlichen 25 % werden vor allem nach Frankreich, Italien und Deutschland exportiert.<\/p>\n<p><strong>Erdbeeren:<\/strong> Die franz\u00f6sische Produktion belief sich im Jahr 2023 auf 73.836 Tonnen (+32,89 % im Zeitraum 2016-2023). 87 % werden auf dem heimischen Markt konsumiert.<\/p>\n<p>[\/et_pb_text][\/et_pb_column][et_pb_column type=&#8220;1_2&#8243; _builder_version=&#8220;4.17.4&#8243; _module_preset=&#8220;default&#8220; global_colors_info=&#8220;{}&#8220;][et_pb_image src=&#8220;https:\/\/estoesunaeuropamassaludable.eu\/wp-content\/uploads\/2025\/05\/sostenibilidad_economica.jpg&#8220; title_text=&#8220;Broccoli plantation organic farm&#8220; _builder_version=&#8220;4.27.4&#8243; _module_preset=&#8220;default&#8220; max_width_tablet=&#8220;400px&#8220; max_width_phone=&#8220;400px&#8220; max_width_last_edited=&#8220;on|tablet&#8220; global_colors_info=&#8220;{}&#8220;][\/et_pb_image][\/et_pb_column][\/et_pb_row][\/et_pb_section][et_pb_section fb_built=&#8220;1&#8243; admin_label=&#8220;About&#8220; _builder_version=&#8220;4.27.4&#8243; _module_preset=&#8220;default&#8220; background_color=&#8220;#f1f1f1&#8243; custom_margin_tablet=&#8220;&#8220; custom_margin_phone=&#8220;-70px||||false|false&#8220; custom_margin_last_edited=&#8220;on|phone&#8220; collapsed=&#8220;on&#8220; global_colors_info=&#8220;{}&#8220;][et_pb_row column_structure=&#8220;1_2,1_2&#8243; _builder_version=&#8220;4.27.4&#8243; _module_preset=&#8220;default&#8220; custom_css_main_element=&#8220;display: flex;||flex-wrap: wrap;&#8220; global_colors_info=&#8220;{}&#8220;][et_pb_column type=&#8220;1_2&#8243; _builder_version=&#8220;4.27.4&#8243; _module_preset=&#8220;default&#8220; global_colors_info=&#8220;{}&#8220; custom_css_main_element_last_edited=&#8220;on|phone&#8220; custom_css_main_element_phone=&#8220;order: 2;&#8220;][et_pb_image src=&#8220;https:\/\/estoesunaeuropamassaludable.eu\/wp-content\/uploads\/2025\/05\/sostenibilidad_social.jpg&#8220; title_text=&#8220;Broccoli plantation organic farm&#8220; _builder_version=&#8220;4.27.4&#8243; _module_preset=&#8220;default&#8220; max_width_tablet=&#8220;400px&#8220; max_width_phone=&#8220;400px&#8220; max_width_last_edited=&#8220;on|tablet&#8220; custom_margin_tablet=&#8220;&#8220; custom_margin_phone=&#8220;20px||||false|false&#8220; custom_margin_last_edited=&#8220;on|phone&#8220; global_colors_info=&#8220;{}&#8220;][\/et_pb_image][\/et_pb_column][et_pb_column type=&#8220;1_2&#8243; _builder_version=&#8220;4.17.4&#8243; _module_preset=&#8220;default&#8220; global_colors_info=&#8220;{}&#8220;][et_pb_text _builder_version=&#8220;4.27.4&#8243; _module_preset=&#8220;b327cbe4-b1d5-4b66-ad37-40c8f2f061ba&#8220; header_2_font=&#8220;Gotham Black|600|||||||&#8220; header_2_text_color=&#8220;#38732f&#8220; header_2_font_size=&#8220;42px&#8220; header_2_line_height=&#8220;1.2em&#8220; hover_enabled=&#8220;0&#8243; header_2_font_size_tablet=&#8220;32px&#8220; header_2_font_size_phone=&#8220;20px&#8220; header_2_font_size_last_edited=&#8220;on|desktop&#8220; global_colors_info=&#8220;{}&#8220; sticky_enabled=&#8220;0&#8243;]<\/p>\n<h2><strong>Soziale und kulturelle Nachhaltigkeit<\/strong><\/h2>\n<p>[\/et_pb_text][et_pb_text _builder_version=&#8220;4.27.4&#8243; _module_preset=&#8220;1f09816e-184e-4ce5-a4cf-b39c52c423ca&#8220; text_font=&#8220;Libre Franklin||||||||&#8220; text_font_size=&#8220;16px&#8220; text_line_height=&#8220;1.6em&#8220; width_tablet=&#8220;&#8220; width_phone=&#8220;&#8220; width_last_edited=&#8220;on|desktop&#8220; custom_margin=&#8220;-30px||||false|false&#8220; hover_enabled=&#8220;0&#8243; text_font_size_tablet=&#8220;15px&#8220; text_font_size_phone=&#8220;14px&#8220; text_font_size_last_edited=&#8220;on|phone&#8220; header_font_size_tablet=&#8220;55px&#8220; header_font_size_last_edited=&#8220;off|desktop&#8220; global_colors_info=&#8220;{}&#8220; sticky_enabled=&#8220;0&#8243;]<\/p>\n<p>F\u00fcr Regionen wie <strong>Murcia, wo 80 % der spanischen Brokkoli- und 40 % der Artischockenproduktion konzentriert sind,<\/strong> sind diese Produkte untrennbar mit der Kultur vieler Orte und dem Verbleib der Bev\u00f6lkerung im l\u00e4ndlichen Raum verbunden. Im Falle der Artischocke gilt dies auch f\u00fcr andere Regionen wie die der Valencianischen Gemeinschaft, Navarra, Andalusien und Rioja.<\/p>\n<p>Die wichtigsten Anbaugebiete f\u00fcr Erdbeeren in Frankreich befinden sich im S\u00fcdwesten des Landes (Lot-et-Garonne), wo die klimatischen Bedingungen die Kultivierung einer s\u00fc\u00dferen und aromatischeren Erdbeere erm\u00f6glichen, die von den Konsumenten besonders gesch\u00e4tzt wird. Mit <strong>\u00fcber 35 Sorten <\/strong>ist der Anbau von Erdbeeren im Land weit verbreitet. Das Aush\u00e4ngeschild ist die Sorte La Gariguette, die an ihrer schlanken und l\u00e4nglichen Form zu erkennen ist.<\/p>\n<p>[\/et_pb_text][\/et_pb_column][\/et_pb_row][\/et_pb_section]<\/p>\n","protected":false},"excerpt":{"rendered":"<p>Das ist nicht nur ein produktionsmodell Das ist ein Bekenntnis zu Nachhaltigkeit, Lebensmittelsicherheit und R\u00fcckverfolgbarkeitDas europ\u00e4ische Produktionsmodell, nach dem unser Obst und Gem\u00fcse wie Brokkoli, Artischocken und Erdbeeren in Europa angebaut werden, ist das weltweit strengste in Bezug auf Lebensmittelsicherheit, R\u00fcckverfolgbarkeit und Nachhaltigkeit. So wird sichergestellt, dass nur gesunde und nachhaltige Produkte von h\u00f6chster Qualit\u00e4t [&hellip;]<\/p>\n","protected":false},"author":1,"featured_media":0,"parent":0,"menu_order":0,"comment_status":"closed","ping_status":"closed","template":"","meta":{"_et_pb_use_builder":"on","_et_pb_old_content":"","_et_gb_content_width":"","footnotes":""},"class_list":["post-884","page","type-page","status-publish","hentry"],"_links":{"self":[{"href":"https:\/\/estoesunaeuropamassaludable.eu\/de\/wp-json\/wp\/v2\/pages\/884","targetHints":{"allow":["GET"]}}],"collection":[{"href":"https:\/\/estoesunaeuropamassaludable.eu\/de\/wp-json\/wp\/v2\/pages"}],"about":[{"href":"https:\/\/estoesunaeuropamassaludable.eu\/de\/wp-json\/wp\/v2\/types\/page"}],"author":[{"embeddable":true,"href":"https:\/\/estoesunaeuropamassaludable.eu\/de\/wp-json\/wp\/v2\/users\/1"}],"replies":[{"embeddable":true,"href":"https:\/\/estoesunaeuropamassaludable.eu\/de\/wp-json\/wp\/v2\/comments?post=884"}],"version-history":[{"count":3,"href":"https:\/\/estoesunaeuropamassaludable.eu\/de\/wp-json\/wp\/v2\/pages\/884\/revisions"}],"predecessor-version":[{"id":888,"href":"https:\/\/estoesunaeuropamassaludable.eu\/de\/wp-json\/wp\/v2\/pages\/884\/revisions\/888"}],"wp:attachment":[{"href":"https:\/\/estoesunaeuropamassaludable.eu\/de\/wp-json\/wp\/v2\/media?parent=884"}],"curies":[{"name":"wp","href":"https:\/\/api.w.org\/{rel}","templated":true}]}}