{"id":893,"date":"2025-05-07T15:53:52","date_gmt":"2025-05-07T15:53:52","guid":{"rendered":"https:\/\/estoesunaeuropamassaludable.eu\/events\/"},"modified":"2026-02-17T11:29:17","modified_gmt":"2026-02-17T11:29:17","slug":"events","status":"publish","type":"page","link":"https:\/\/estoesunaeuropamassaludable.eu\/de\/events\/","title":{"rendered":"Aktivit\u00e4ten"},"content":{"rendered":"<p>[et_pb_section fb_built=&#8220;1&#8243; admin_label=&#8220;About&#8220; _builder_version=&#8220;4.27.4&#8243; _module_preset=&#8220;default&#8220; background_color=&#8220;#f1f1f1&#8243; custom_margin=&#8220;-5px||||false|false&#8220; custom_padding=&#8220;||1px|||&#8220; collapsed=&#8220;on&#8220; global_colors_info=&#8220;{}&#8220;][et_pb_row column_structure=&#8220;1_2,1_2&#8243; _builder_version=&#8220;4.17.4&#8243; _module_preset=&#8220;default&#8220; global_colors_info=&#8220;{}&#8220;][et_pb_column type=&#8220;1_2&#8243; _builder_version=&#8220;4.17.4&#8243; _module_preset=&#8220;default&#8220; global_colors_info=&#8220;{}&#8220;][et_pb_image src=&#8220;https:\/\/estoesunaeuropamassaludable.eu\/wp-content\/uploads\/2025\/05\/eventos-home.jpg&#8220; title_text=&#8220;eventos home&#8220; align=&#8220;right&#8220; _builder_version=&#8220;4.27.4&#8243; _module_preset=&#8220;default&#8220; width=&#8220;80%&#8220; global_colors_info=&#8220;{}&#8220;][\/et_pb_image][et_pb_image src=&#8220;https:\/\/estoesunaeuropamassaludable.eu\/wp-content\/uploads\/2025\/05\/eventos_02.jpg&#8220; title_text=&#8220;eventos_02&#8243; _builder_version=&#8220;4.27.4&#8243; _module_preset=&#8220;default&#8220; width=&#8220;40%&#8220; custom_margin=&#8220;-30%||||false|false&#8220; box_shadow_style=&#8220;preset3&#8243; box_shadow_vertical=&#8220;56px&#8220; box_shadow_blur=&#8220;60px&#8220; box_shadow_spread=&#8220;-20px&#8220; global_colors_info=&#8220;{}&#8220;][\/et_pb_image][\/et_pb_column][et_pb_column type=&#8220;1_2&#8243; _builder_version=&#8220;4.17.4&#8243; _module_preset=&#8220;default&#8220; custom_padding=&#8220;5%||||false|false&#8220; global_colors_info=&#8220;{}&#8220;][et_pb_text _builder_version=&#8220;4.27.4&#8243; _module_preset=&#8220;default&#8220; header_2_font=&#8220;Gotham Black|900|||||||&#8220; header_2_text_color=&#8220;#38732f&#8220; header_2_font_size=&#8220;50px&#8220; header_4_font=&#8220;Gotham Black|900|||||||&#8220; header_4_text_color=&#8220;#38732f&#8220; header_4_font_size=&#8220;45px&#8220; header_4_line_height=&#8220;0.3em&#8220; header_5_font=&#8220;Gotham Black|700|||||||&#8220; header_5_font_size=&#8220;20px&#8220; header_5_line_height=&#8220;1.6em&#8220; background_enable_color=&#8220;off&#8220; header_2_font_size_tablet=&#8220;55px&#8220; header_2_font_size_phone=&#8220;45px&#8220; header_2_font_size_last_edited=&#8220;on|tablet&#8220; header_4_font_size_tablet=&#8220;25px&#8220; header_4_font_size_phone=&#8220;18px&#8220; header_4_font_size_last_edited=&#8220;on|phone&#8220; locked=&#8220;off&#8220; global_colors_info=&#8220;{}&#8220;]<\/p>\n<h2>Entdecken sie die ges\u00fcndesten und nachhaltigsten veranstaltungen<\/h2>\n<h5><\/h5>\n<h5>Entdecken Sie die ges\u00fcndesten und nachhaltigsten Veranstaltungen zum Thema europ\u00e4isches Obst und Gem\u00fcse.<\/h5>\n<p>[\/et_pb_text][\/et_pb_column][\/et_pb_row][et_pb_row column_structure=&#8220;2_5,3_5&#8243; _builder_version=&#8220;4.27.4&#8243; _module_preset=&#8220;default&#8220; global_colors_info=&#8220;{}&#8220;][et_pb_column type=&#8220;2_5&#8243; _builder_version=&#8220;4.27.4&#8243; _module_preset=&#8220;default&#8220; global_colors_info=&#8220;{}&#8220;][et_pb_image src=&#8220;https:\/\/estoesunaeuropamassaludable.eu\/wp-content\/uploads\/2025\/10\/accion-Colegios-01.jpg&#8220; title_text=&#8220;accion Colegios 01&#8243; _builder_version=&#8220;4.27.5&#8243; _module_preset=&#8220;default&#8220; hover_enabled=&#8220;0&#8243; global_colors_info=&#8220;{}&#8220; sticky_enabled=&#8220;0&#8243;][\/et_pb_image][\/et_pb_column][et_pb_column type=&#8220;3_5&#8243; _builder_version=&#8220;4.27.4&#8243; _module_preset=&#8220;default&#8220; global_colors_info=&#8220;{}&#8220;][et_pb_text _builder_version=&#8220;4.27.5&#8243; _module_preset=&#8220;default&#8220; text_font=&#8220;Libre Franklin||||||||&#8220; text_font_size=&#8220;16px&#8220; header_2_font=&#8220;Gotham Gold||||||||&#8220; header_2_text_color=&#8220;#38732f&#8220; header_2_line_height=&#8220;1.1em&#8220; hover_enabled=&#8220;0&#8243; global_colors_info=&#8220;{}&#8220; sticky_enabled=&#8220;0&#8243;]<\/p>\n<h2>Das Projekt \u201eEin ges\u00fcnderes Europa\u201c erreicht anl\u00e4sslich des Weltern\u00e4hrungstages die Schulen<\/h2>\n<p>Anl\u00e4sslich des Weltern\u00e4hrungstages standen Brokkoli, Artischocken und Erdbeeren, drei Lebensmittel, die typisch f\u00fcr die mediterrane Ern\u00e4hrungsweise sind, im Mittelpunkt eines Ern\u00e4hrungsworkshops f\u00fcr Kinder, in dem Sch\u00fcler der 3. Grundschulklasse des Colegio Reggio in Madrid die positiven Auswirkungen des regelm\u00e4\u00dfigen Verzehrs von Obst und Gem\u00fcse auf die Entwicklung gesunder Lebensgewohnheiten kennenlernten.<\/p>\n<p>[\/et_pb_text][et_pb_button button_url=&#8220;@ET-DC@eyJkeW5hbWljIjp0cnVlLCJjb250ZW50IjoicG9zdF9saW5rX3VybF9wYWdlIiwic2V0dGluZ3MiOnsicG9zdF9pZCI6IjE1MzAifX0=@&#8220; button_text=&#8220;Mehr sehen&#8220; button_alignment=&#8220;left&#8220; _builder_version=&#8220;4.27.5&#8243; _dynamic_attributes=&#8220;button_url&#8220; _module_preset=&#8220;default&#8220; custom_button=&#8220;on&#8220; button_text_color=&#8220;#FFFFFF&#8220; button_bg_color=&#8220;#38732f&#8220; button_border_color=&#8220;RGBA(255,255,255,0)&#8220; button_border_radius=&#8220;8px&#8220; button_font=&#8220;Gotham Gold||||||||&#8220; button_icon=&#8220;&#x45;||divi||400&#8243; button_icon_color=&#8220;#FFFFFF&#8220; custom_margin=&#8220;-10px||48px||false|false&#8220; hover_enabled=&#8220;0&#8243; global_colors_info=&#8220;{}&#8220; sticky_enabled=&#8220;0&#8243;][\/et_pb_button][\/et_pb_column][\/et_pb_row][et_pb_row column_structure=&#8220;2_5,3_5&#8243; _builder_version=&#8220;4.27.4&#8243; _module_preset=&#8220;default&#8220; global_colors_info=&#8220;{}&#8220;][et_pb_column type=&#8220;2_5&#8243; _builder_version=&#8220;4.27.4&#8243; _module_preset=&#8220;default&#8220; global_colors_info=&#8220;{}&#8220;][et_pb_image src=&#8220;https:\/\/estoesunaeuropamassaludable.eu\/wp-content\/uploads\/2025\/05\/presentacion_02-1.jpg&#8220; title_text=&#8220;presentacion_02&#8243; _builder_version=&#8220;4.27.4&#8243; _module_preset=&#8220;default&#8220; global_colors_info=&#8220;{}&#8220;][\/et_pb_image][\/et_pb_column][et_pb_column type=&#8220;3_5&#8243; _builder_version=&#8220;4.27.4&#8243; _module_preset=&#8220;default&#8220; global_colors_info=&#8220;{}&#8220;][et_pb_text _builder_version=&#8220;4.27.4&#8243; _module_preset=&#8220;default&#8220; text_font=&#8220;Libre Franklin||||||||&#8220; text_font_size=&#8220;16px&#8220; header_2_font=&#8220;Gotham Gold||||||||&#8220; header_2_text_color=&#8220;#38732f&#8220; header_2_line_height=&#8220;1.1em&#8220; global_colors_info=&#8220;{}&#8220;]<\/p>\n<h2><strong>Pr\u00e4sentationsveranstaltung zum europ\u00e4ischen Programm: <\/strong><strong style=\"font-size: 26px;\">So startet das Projekt \u201eEin ges\u00fcnderes Europa\u201c, das f\u00fcr Obst und Gem\u00fcse aus der Region wirbt.<\/strong><\/h2>\n<p><span>\u00dcber 100 Teilnehmer, drei folierte Lastwagen, zahlreiche Pressevertreter und ein gemeinsames Ziel: den Startschuss f\u00fcr eine wichtige Kampagne zu geben, die spanischen Brokkoli und Artischocken sowie franz\u00f6sischen Erdbeeren in den Mittelpunkt der gesunden Revolution in Europa r\u00fccken wird. Dies sind die Highlights der Veranstaltung, <strong>die am 9. Mai in der Region Murcia stattfand.<\/strong> <\/span><\/p>\n<p>[\/et_pb_text][et_pb_button button_url=&#8220;@ET-DC@eyJkeW5hbWljIjp0cnVlLCJjb250ZW50IjoicG9zdF9saW5rX3VybF9wYWdlIiwic2V0dGluZ3MiOnsicG9zdF9pZCI6IjQzNSIsImVuYWJsZV9odG1sIjoib2ZmIn19@&#8220; button_text=&#8220;Mehr sehen&#8220; button_alignment=&#8220;left&#8220; _builder_version=&#8220;4.27.4&#8243; _dynamic_attributes=&#8220;button_url&#8220; _module_preset=&#8220;default&#8220; custom_button=&#8220;on&#8220; button_text_color=&#8220;#FFFFFF&#8220; button_bg_color=&#8220;#38732f&#8220; button_border_color=&#8220;RGBA(255,255,255,0)&#8220; button_border_radius=&#8220;8px&#8220; button_font=&#8220;Gotham Gold||||||||&#8220; button_icon=&#8220;&#x45;||divi||400&#8243; button_icon_color=&#8220;#FFFFFF&#8220; custom_margin=&#8220;-10px||48px||false|false&#8220; global_colors_info=&#8220;{}&#8220;][\/et_pb_button][\/et_pb_column][\/et_pb_row][\/et_pb_section]<\/p>\n","protected":false},"excerpt":{"rendered":"<p>Entdecken sie die ges\u00fcndesten und nachhaltigsten veranstaltungen Entdecken Sie die ges\u00fcndesten und nachhaltigsten Veranstaltungen zum Thema europ\u00e4isches Obst und Gem\u00fcse.Das Projekt \u201eEin ges\u00fcnderes Europa\u201c erreicht anl\u00e4sslich des Weltern\u00e4hrungstages die Schulen Anl\u00e4sslich des Weltern\u00e4hrungstages standen Brokkoli, Artischocken und Erdbeeren, drei Lebensmittel, die typisch f\u00fcr die mediterrane Ern\u00e4hrungsweise sind, im Mittelpunkt eines Ern\u00e4hrungsworkshops f\u00fcr Kinder, in dem [&hellip;]<\/p>\n","protected":false},"author":1,"featured_media":0,"parent":0,"menu_order":0,"comment_status":"closed","ping_status":"closed","template":"","meta":{"_et_pb_use_builder":"on","_et_pb_old_content":"","_et_gb_content_width":"","footnotes":""},"class_list":["post-893","page","type-page","status-publish","hentry"],"_links":{"self":[{"href":"https:\/\/estoesunaeuropamassaludable.eu\/de\/wp-json\/wp\/v2\/pages\/893","targetHints":{"allow":["GET"]}}],"collection":[{"href":"https:\/\/estoesunaeuropamassaludable.eu\/de\/wp-json\/wp\/v2\/pages"}],"about":[{"href":"https:\/\/estoesunaeuropamassaludable.eu\/de\/wp-json\/wp\/v2\/types\/page"}],"author":[{"embeddable":true,"href":"https:\/\/estoesunaeuropamassaludable.eu\/de\/wp-json\/wp\/v2\/users\/1"}],"replies":[{"embeddable":true,"href":"https:\/\/estoesunaeuropamassaludable.eu\/de\/wp-json\/wp\/v2\/comments?post=893"}],"version-history":[{"count":6,"href":"https:\/\/estoesunaeuropamassaludable.eu\/de\/wp-json\/wp\/v2\/pages\/893\/revisions"}],"predecessor-version":[{"id":1536,"href":"https:\/\/estoesunaeuropamassaludable.eu\/de\/wp-json\/wp\/v2\/pages\/893\/revisions\/1536"}],"wp:attachment":[{"href":"https:\/\/estoesunaeuropamassaludable.eu\/de\/wp-json\/wp\/v2\/media?parent=893"}],"curies":[{"name":"wp","href":"https:\/\/api.w.org\/{rel}","templated":true}]}}