{"id":921,"date":"2025-05-07T14:41:39","date_gmt":"2025-05-07T14:41:39","guid":{"rendered":"https:\/\/estoesunaeuropamassaludable.eu\/rechtlicher-hinweis\/"},"modified":"2025-06-04T11:26:27","modified_gmt":"2025-06-04T11:26:27","slug":"rechtlicher-hinweis","status":"publish","type":"page","link":"https:\/\/estoesunaeuropamassaludable.eu\/de\/rechtlicher-hinweis\/","title":{"rendered":"Rechtlicher hinweis"},"content":{"rendered":"<p>[et_pb_section fb_built=&#8220;1&#8243; _builder_version=&#8220;4.27.4&#8243; _module_preset=&#8220;default&#8220; background_color=&#8220;#f1f1f1&#8243; global_colors_info=&#8220;{}&#8220;][et_pb_row _builder_version=&#8220;4.27.4&#8243; _module_preset=&#8220;default&#8220; global_colors_info=&#8220;{}&#8220;][et_pb_column type=&#8220;4_4&#8243; _builder_version=&#8220;4.27.4&#8243; _module_preset=&#8220;default&#8220; global_colors_info=&#8220;{}&#8220;][et_pb_text _builder_version=&#8220;4.27.4&#8243; _module_preset=&#8220;default&#8220; text_font=&#8220;&#8211;et_global_body_font||||||||&#8220; text_font_size=&#8220;16px&#8220; header_2_font=&#8220;Gotham Gold|700|||||||&#8220; header_2_text_color=&#8220;#38732f&#8220; hover_enabled=&#8220;0&#8243; global_colors_info=&#8220;{}&#8220; sticky_enabled=&#8220;0&#8243;]<\/p>\n<h2><strong>RECHTLICHER HINWEIS<\/strong><\/h2>\n<p><strong>EINF\u00dcHRUNG<\/strong><\/p>\n<p>Der NUTZER verpflichtet sich, die Website in \u00dcbereinstimmung mit dem Gesetz, den allgemein anerkannten moralischen Grunds\u00e4tzen und den guten Sitten sowie der \u00f6ffentlichen Ordnung zu nutzen und gegen\u00fcber der ASOCIACI\u00d3N PARA LA PROMOCI\u00d3N DEL CONSUMO DE BR\u00d3COLI (im Folgenden +BR\u00d3COLI) oder gegen\u00fcber Dritten f\u00fcr Sch\u00e4den zu haften, die durch die Nichteinhaltung dieser Verpflichtung entstehen k\u00f6nnten.<\/p>\n<p>Der NUTZER wird davon absehen, die Website f\u00fcr illegale Zwecke oder Wirkungen zu nutzen, die die Rechte und Interessen Dritter verletzen oder auf irgendeine Weise die Website oder den Server, auf dem sie gehostet wird, besch\u00e4digen, unbrauchbar machen, \u00fcberlasten oder verschlechtern oder deren normale Nutzung oder Genuss behindern k\u00f6nnten.<\/p>\n<p>Insbesondere erlaubt +BR\u00d3COLI nicht die Verbreitung, Verwaltung oder Kommunikation von Inhalten, die die Qualit\u00e4t des Dienstes beeintr\u00e4chtigen, und verbietet daher die Einf\u00fchrung von Inhalten:<\/p>\n<p>&#8211; Die gegen die Grundrechte der Menschen versto\u00dfen, die H\u00f6flichkeit im Netz verletzen, bel\u00e4stigen oder negative Meinungen bei unseren Nutzern oder Dritten hervorrufen k\u00f6nnen und allgemein jegliche Inhalte, die +BR\u00d3COLI als unangemessen erachtet.<\/p>\n<p>&#8211; Die gegen die Grunds\u00e4tze der Legalit\u00e4t, Ehrlichkeit, Verantwortung, den Schutz der menschlichen W\u00fcrde, den Schutz von Minderj\u00e4hrigen, den Schutz der \u00f6ffentlichen Ordnung, den Schutz der Privatsph\u00e4re, den Verbraucherschutz und die Rechte an geistigem und gewerblichem Eigentum versto\u00dfen.<\/p>\n<p>In \u00dcbereinstimmung mit dem Gesetz 34\/2002 \u00fcber Dienste der Informationsgesellschaft und des elektronischen Gesch\u00e4ftsverkehrs (LSSICE) informieren wir Sie, dass die Inhaberschaft der Domain <a href=\"http:\/\/www.estoesunaeuropamassaludable.eu\"><strong>www.estoesunaeuropamassaludable.eu<\/strong><\/a> bei +BR\u00d3COLI liegt, mit der Steuernummer CIF ESG73681025.<\/p>\n<p>F\u00fcr Anfragen k\u00f6nnen Sie uns per E-Mail kontaktieren: <a href=\"mailto:coordinacion@masbrocoli.com\">coordinacion@masbrocoli.com<\/a><\/p>\n<p>ASOCIACI\u00d3N PARA LA PROMOCI\u00d3N DEL CONSUMO DE BR\u00d3COLI (+BR\u00d3COLI), mit Sitz in Ronda de Levante, 1, entresuelo, 30008 Murcia (Spanien) und Inhaber der CIF ESG73681025.<\/p>\n<p><strong>NUTZER<\/strong><\/p>\n<p><strong>Der Zugriff, das Durchsuchen und\/oder die Nutzung dieses Portals:<\/strong> <a href=\"http:\/\/www.estoesunaeuropamassaludable.eu\"><strong>www.estoesunaeuropamassaludable.eu<\/strong><\/a><strong> bedeutet die Annahme der Nutzungsbedingungen, des rechtlichen Hinweises und der Datenschutzrichtlinie, die in diesem Dokument dargelegt sind. Die Nutzung des Portals verleiht dem Nutzer die Eigenschaft &#8222;Nutzer&#8220; (im Folgenden &#8222;Nutzer&#8220;) und impliziert die vollst\u00e4ndige und vorbehaltlose Annahme aller Bestimmungen, die zu dem Zeitpunkt gelten, an dem der Nutzer auf das Portal zugreift. Diese m\u00fcssen bei jeder Nutzung gelesen und akzeptiert werden, da sie \u00c4nderungen unterliegen k\u00f6nnen.<\/strong><\/p>\n<p><strong>NUTZUNG DES PORTALS<\/strong><\/p>\n<p><strong>HAFTUNGSAUSSCHLUSS<\/strong><\/p>\n<p>+BR\u00d3COLI haftet nur f\u00fcr Sch\u00e4den, die dem Nutzer durch die Nutzung der Website entstehen, wenn diese Sch\u00e4den direkt zurechenbar sind.<\/p>\n<p>Ebenso schlie\u00dft +BR\u00d3COLI jegliche Haftung f\u00fcr Sch\u00e4den jeglicher Art aus, die, beispielhaft aber nicht abschlie\u00dfend, auf (i) das Vorhandensein von Viren oder anderen sch\u00e4dlichen Elementen auf der Website oder auf anderen \u00fcber Links zug\u00e4nglichen Websites zur\u00fcckzuf\u00fchren sind, die \u00c4nderungen im Computersystem verursachen k\u00f6nnen; (ii) St\u00f6rungen, Ausf\u00e4lle, Unterbrechungen und\/oder Trennungen im Betrieb dieses elektronischen Systems oder der Ger\u00e4te der NUTZER, die auf Ursachen au\u00dferhalb von +BR\u00d3COLI zur\u00fcckzuf\u00fchren sind und die die Dienstleistung oder das Surfen verz\u00f6gern oder verhindern; (iii) Verz\u00f6gerungen oder Blockierungen bei der Nutzung, die durch M\u00e4ngel oder \u00dcberlastungen des Internets oder anderer elektronischer Systeme verursacht werden; (iv) unerlaubte Eingriffe Dritter au\u00dferhalb der Kontrolle der Website und die +BR\u00d3COLI nicht zuzuschreiben sind; (v) die Unm\u00f6glichkeit, den Dienst bereitzustellen oder Zugang zu gew\u00e4hren, aus Gr\u00fcnden, die +BR\u00d3COLI nicht zuzurechnen sind, sondern dem NUTZER, Dritten oder F\u00e4llen h\u00f6herer Gewalt.<\/p>\n<p>Der NUTZER erkennt bei der Nutzung der Website an, dass eine 100%ige Verf\u00fcgbarkeit der Website technisch nicht m\u00f6glich ist. Dennoch bem\u00fcht sich +BR\u00d3COLI, die Website m\u00f6glichst dauerhaft verf\u00fcgbar zu halten. Besonders aus Wartungs-, Sicherheits- oder Kapazit\u00e4tsgr\u00fcnden sowie aufgrund von Ereignissen, die au\u00dferhalb des Einflussbereichs von +BR\u00d3COLI liegen (z.\u202fB. \u00f6ffentliche Netzst\u00f6rungen, Stromausf\u00e4lle etc.), kann es zu kurzzeitigen Unterbrechungen oder einer vor\u00fcbergehenden Aussetzung der Dienste von +BR\u00d3COLI kommen.<\/p>\n<p><strong>VERWENDUNG VON HYPERLINKS<\/strong><\/p>\n<p>In Bezug auf Informationen und Inhalte, die auf der Website enthalten sind oder auf die \u00fcber Links (Hyperlinks) zugegriffen werden kann, garantiert +BR\u00d3COLI keinesfalls den Zugang zu einem bestimmten Zeitpunkt, deren Richtigkeit, Aktualit\u00e4t, Eignung oder N\u00fctzlichkeit f\u00fcr die Zwecke des NUTZERS und \u00fcbernimmt keine Haftung f\u00fcr Sch\u00e4den, die sich aus der \u00dcbertragung, Verbreitung, Speicherung, Bereitstellung, dem Empfang, Abruf oder Zugang zu Inhalten auf der Website oder auf Seiten, auf die \u00fcber Links zugegriffen wird, ergeben k\u00f6nnten.<\/p>\n<p>Die verlinkende Seite muss das Gesetz vollst\u00e4ndig einhalten und darf in keinem Fall Inhalte enthalten oder mit Inhalten verlinken, die: (i) illegal, sch\u00e4dlich oder gegen die Moral und guten Sitten versto\u00dfen (pornografisch, gewaltt\u00e4tig, rassistisch usw.); (ii) den NUTZER zur falschen Annahme verleiten k\u00f6nnten, dass +BR\u00d3COLI die Aussagen, Ideen oder Ausdr\u00fccke des Absenders unterst\u00fctzt, genehmigt oder sich zu eigen macht, sei es legal oder illegal; (iii) f\u00fcr die T\u00e4tigkeit von +BR\u00d3COLI ungeeignet oder nicht relevant sind, unter Ber\u00fccksichtigung von Ort, Inhalt und Thema der Website des Absenders. Ebenso wird sich der NUTZER enthalten, auf der Website jeglichen Hyperlink zu einer Website zu setzen, die Informationen oder Inhalte enth\u00e4lt, die illegal, unmoralisch oder gegen die \u00f6ffentliche Ordnung versto\u00dfen.<\/p>\n<p><strong>GEISTIGES UND GEWERBLICHES EIGENTUM<\/strong><\/p>\n<p>+BR\u00d3COLI besitzt alle Rechte am geistigen und gewerblichen Eigentum von <a href=\"http:\/\/www.estoesunaeuropamassaludable.eu\"><strong>www.estoesunaeuropamassaludable.eu<\/strong><\/a>, einschlie\u00dflich Logos und Designs, wobei alle Nutzungsrechte vorbehalten bleiben. Gem\u00e4\u00df dem K\u00f6niglichen Gesetzesdekret 1\/1996 vom 12. April, das den konsolidierten Text des Gesetzes \u00fcber geistiges Eigentum genehmigt, ist die Vervielf\u00e4ltigung, Verbreitung oder Nutzung der Inhalte dieser Website zu kommerziellen Zwecken, ganz oder teilweise, in jeglicher Form oder mit jeglichen technischen Mitteln ohne Genehmigung von +BR\u00d3COLI verboten. Ebenso beh\u00e4lt sich +BR\u00d3COLI das Recht vor, \u00c4nderungen, L\u00f6schungen oder Erg\u00e4nzungen an den Inhalten des Portals vorzunehmen. Sollte es Links oder Hyperlinks zu anderen Websites geben, \u00fcbernimmt www.tactis.es keine Verantwortung f\u00fcr deren Inhalte.<\/p>\n<p><strong>AUSSCHLUSSRECHT<\/strong><\/p>\n<p>+BR\u00d3COLI beh\u00e4lt sich das Recht vor, einem Nutzer, der gegen die allgemeinen Nutzungsbedingungen des Portals verst\u00f6\u00dft, ohne vorherige Ank\u00fcndigung den Zugang zum Portal oder zu dessen Diensten zu verweigern oder zu entziehen, sei es auf eigene Initiative oder auf Anfrage eines Dritten.<\/p>\n<p><strong>DAUER UND BEENDIGUNG<\/strong><\/p>\n<p>Die Bereitstellung des Portaldienstes und der \u00fcbrigen Dienste ist grunds\u00e4tzlich auf unbestimmte Zeit ausgelegt. Es ist jedoch gestattet, die Bereitstellung des Portals und\/oder eines der Dienste jederzeit zu beenden oder auszusetzen, unbeschadet etwaiger diesbez\u00fcglicher Bestimmungen in den jeweiligen Besonderen Bedingungen.<\/p>\n<p><strong>ANWENDBARES RECHT UND GERICHTSBARKEIT<\/strong><\/p>\n<p>Im Falle von Streitigkeiten gilt das spanische Recht, wobei sich der Nutzer und +BR\u00d3COLI ausdr\u00fccklich der Gerichtsbarkeit der Gerichte von Madrid unterwerfen.<br \/>\n[\/et_pb_text][\/et_pb_column][\/et_pb_row][\/et_pb_section]<\/p>\n","protected":false},"excerpt":{"rendered":"<p>RECHTLICHER HINWEIS EINF\u00dcHRUNG Der NUTZER verpflichtet sich, die Website in \u00dcbereinstimmung mit dem Gesetz, den allgemein anerkannten moralischen Grunds\u00e4tzen und den guten Sitten sowie der \u00f6ffentlichen Ordnung zu nutzen und gegen\u00fcber der ASOCIACI\u00d3N PARA LA PROMOCI\u00d3N DEL CONSUMO DE BR\u00d3COLI (im Folgenden +BR\u00d3COLI) oder gegen\u00fcber Dritten f\u00fcr Sch\u00e4den zu haften, die durch die Nichteinhaltung dieser [&hellip;]<\/p>\n","protected":false},"author":1,"featured_media":0,"parent":0,"menu_order":0,"comment_status":"closed","ping_status":"closed","template":"","meta":{"_et_pb_use_builder":"on","_et_pb_old_content":"","_et_gb_content_width":"","footnotes":""},"class_list":["post-921","page","type-page","status-publish","hentry"],"_links":{"self":[{"href":"https:\/\/estoesunaeuropamassaludable.eu\/de\/wp-json\/wp\/v2\/pages\/921","targetHints":{"allow":["GET"]}}],"collection":[{"href":"https:\/\/estoesunaeuropamassaludable.eu\/de\/wp-json\/wp\/v2\/pages"}],"about":[{"href":"https:\/\/estoesunaeuropamassaludable.eu\/de\/wp-json\/wp\/v2\/types\/page"}],"author":[{"embeddable":true,"href":"https:\/\/estoesunaeuropamassaludable.eu\/de\/wp-json\/wp\/v2\/users\/1"}],"replies":[{"embeddable":true,"href":"https:\/\/estoesunaeuropamassaludable.eu\/de\/wp-json\/wp\/v2\/comments?post=921"}],"version-history":[{"count":3,"href":"https:\/\/estoesunaeuropamassaludable.eu\/de\/wp-json\/wp\/v2\/pages\/921\/revisions"}],"predecessor-version":[{"id":924,"href":"https:\/\/estoesunaeuropamassaludable.eu\/de\/wp-json\/wp\/v2\/pages\/921\/revisions\/924"}],"wp:attachment":[{"href":"https:\/\/estoesunaeuropamassaludable.eu\/de\/wp-json\/wp\/v2\/media?parent=921"}],"curies":[{"name":"wp","href":"https:\/\/api.w.org\/{rel}","templated":true}]}}