{"id":718,"date":"2025-05-07T15:53:52","date_gmt":"2025-05-07T15:53:52","guid":{"rendered":"https:\/\/estoesunaeuropamassaludable.eu\/evenements\/"},"modified":"2026-02-17T10:26:03","modified_gmt":"2026-02-17T10:26:03","slug":"evenements","status":"publish","type":"page","link":"https:\/\/estoesunaeuropamassaludable.eu\/fr\/evenements\/","title":{"rendered":"Activit\u00e9s"},"content":{"rendered":"<p>[et_pb_section fb_built=\u00a0\u00bb1&Prime; admin_label=\u00a0\u00bbAbout\u00a0\u00bb _builder_version=\u00a0\u00bb4.27.4&Prime; _module_preset=\u00a0\u00bbdefault\u00a0\u00bb background_color=\u00a0\u00bb#f1f1f1&Prime; custom_margin=\u00a0\u00bb-5px||||false|false\u00a0\u00bb custom_padding=\u00a0\u00bb||1px|||\u00a0\u00bb collapsed=\u00a0\u00bbon\u00a0\u00bb global_colors_info=\u00a0\u00bb{}\u00a0\u00bb][et_pb_row column_structure=\u00a0\u00bb1_2,1_2&Prime; _builder_version=\u00a0\u00bb4.17.4&Prime; _module_preset=\u00a0\u00bbdefault\u00a0\u00bb global_colors_info=\u00a0\u00bb{}\u00a0\u00bb][et_pb_column type=\u00a0\u00bb1_2&Prime; _builder_version=\u00a0\u00bb4.17.4&Prime; _module_preset=\u00a0\u00bbdefault\u00a0\u00bb global_colors_info=\u00a0\u00bb{}\u00a0\u00bb][et_pb_image src=\u00a0\u00bbhttps:\/\/estoesunaeuropamassaludable.eu\/wp-content\/uploads\/2025\/05\/eventos-home.jpg\u00a0\u00bb title_text=\u00a0\u00bbeventos home\u00a0\u00bb align=\u00a0\u00bbright\u00a0\u00bb _builder_version=\u00a0\u00bb4.27.4&Prime; _module_preset=\u00a0\u00bbdefault\u00a0\u00bb width=\u00a0\u00bb80%\u00a0\u00bb global_colors_info=\u00a0\u00bb{}\u00a0\u00bb][\/et_pb_image][et_pb_image src=\u00a0\u00bbhttps:\/\/estoesunaeuropamassaludable.eu\/wp-content\/uploads\/2025\/05\/eventos_02.jpg\u00a0\u00bb title_text=\u00a0\u00bbeventos_02&Prime; _builder_version=\u00a0\u00bb4.27.4&Prime; _module_preset=\u00a0\u00bbdefault\u00a0\u00bb width=\u00a0\u00bb40%\u00a0\u00bb custom_margin=\u00a0\u00bb-30%||||false|false\u00a0\u00bb box_shadow_style=\u00a0\u00bbpreset3&Prime; box_shadow_vertical=\u00a0\u00bb56px\u00a0\u00bb box_shadow_blur=\u00a0\u00bb60px\u00a0\u00bb box_shadow_spread=\u00a0\u00bb-20px\u00a0\u00bb global_colors_info=\u00a0\u00bb{}\u00a0\u00bb][\/et_pb_image][\/et_pb_column][et_pb_column type=\u00a0\u00bb1_2&Prime; _builder_version=\u00a0\u00bb4.17.4&Prime; _module_preset=\u00a0\u00bbdefault\u00a0\u00bb custom_padding=\u00a0\u00bb5%||||false|false\u00a0\u00bb global_colors_info=\u00a0\u00bb{}\u00a0\u00bb][et_pb_text _builder_version=\u00a0\u00bb4.27.4&Prime; _module_preset=\u00a0\u00bbdefault\u00a0\u00bb header_2_font=\u00a0\u00bbGotham Black|900|||||||\u00a0\u00bb header_2_text_color=\u00a0\u00bb#38732f\u00a0\u00bb header_2_font_size=\u00a0\u00bb70px\u00a0\u00bb header_4_font=\u00a0\u00bbGotham Black|900|||||||\u00a0\u00bb header_4_text_color=\u00a0\u00bb#38732f\u00a0\u00bb header_4_font_size=\u00a0\u00bb45px\u00a0\u00bb header_4_line_height=\u00a0\u00bb0.3em\u00a0\u00bb header_5_font=\u00a0\u00bbGotham Black|700|||||||\u00a0\u00bb header_5_font_size=\u00a0\u00bb20px\u00a0\u00bb header_5_line_height=\u00a0\u00bb1.6em\u00a0\u00bb background_enable_color=\u00a0\u00bboff\u00a0\u00bb header_2_font_size_tablet=\u00a0\u00bb55px\u00a0\u00bb header_2_font_size_phone=\u00a0\u00bb45px\u00a0\u00bb header_2_font_size_last_edited=\u00a0\u00bbon|tablet\u00a0\u00bb header_4_font_size_tablet=\u00a0\u00bb25px\u00a0\u00bb header_4_font_size_phone=\u00a0\u00bb18px\u00a0\u00bb header_4_font_size_last_edited=\u00a0\u00bbon|phone\u00a0\u00bb locked=\u00a0\u00bboff\u00a0\u00bb global_colors_info=\u00a0\u00bb{}\u00a0\u00bb]<\/p>\n<h2>D\u00e9couvrez les \u00e9v\u00e9nements les plus sains et les plus durables<\/h2>\n<h5><\/h5>\n<h5>Vous pourrez d\u00e9couvrir les \u00e9v\u00e9nements les plus sains et les plus durables gr\u00e2ce aux fruits et aux l\u00e9gumes europ\u00e9ens.<\/h5>\n<p>[\/et_pb_text][\/et_pb_column][\/et_pb_row][et_pb_row column_structure=\u00a0\u00bb2_5,3_5&Prime; _builder_version=\u00a0\u00bb4.27.4&Prime; _module_preset=\u00a0\u00bbdefault\u00a0\u00bb global_colors_info=\u00a0\u00bb{}\u00a0\u00bb theme_builder_area=\u00a0\u00bbpost_content\u00a0\u00bb][et_pb_column type=\u00a0\u00bb2_5&Prime; _builder_version=\u00a0\u00bb4.27.4&Prime; _module_preset=\u00a0\u00bbdefault\u00a0\u00bb global_colors_info=\u00a0\u00bb{}\u00a0\u00bb theme_builder_area=\u00a0\u00bbpost_content\u00a0\u00bb][et_pb_image src=\u00a0\u00bbhttps:\/\/estoesunaeuropamassaludable.eu\/wp-content\/uploads\/2025\/10\/accion-Colegios-01.jpg\u00a0\u00bb title_text=\u00a0\u00bbaccion Colegios 01&Prime; _builder_version=\u00a0\u00bb4.27.4&Prime; _module_preset=\u00a0\u00bbdefault\u00a0\u00bb global_colors_info=\u00a0\u00bb{}\u00a0\u00bb theme_builder_area=\u00a0\u00bbpost_content\u00a0\u00bb][\/et_pb_image][\/et_pb_column][et_pb_column type=\u00a0\u00bb3_5&Prime; _builder_version=\u00a0\u00bb4.27.4&Prime; _module_preset=\u00a0\u00bbdefault\u00a0\u00bb global_colors_info=\u00a0\u00bb{}\u00a0\u00bb theme_builder_area=\u00a0\u00bbpost_content\u00a0\u00bb][et_pb_text _builder_version=\u00a0\u00bb4.27.5&Prime; _module_preset=\u00a0\u00bbdefault\u00a0\u00bb text_font=\u00a0\u00bbLibre Franklin||||||||\u00a0\u00bb text_font_size=\u00a0\u00bb16px\u00a0\u00bb header_2_font=\u00a0\u00bbGotham Gold||||||||\u00a0\u00bb header_2_text_color=\u00a0\u00bb#38732f\u00a0\u00bb header_2_line_height=\u00a0\u00bb1.1em\u00a0\u00bb hover_enabled=\u00a0\u00bb0&Prime; global_colors_info=\u00a0\u00bb{}\u00a0\u00bb theme_builder_area=\u00a0\u00bbpost_content\u00a0\u00bb sticky_enabled=\u00a0\u00bb0&Prime;]<\/p>\n<h2>Le projet \u00ab Une Europe en meilleure sant\u00e9 \u00bb arrive dans les \u00e9coles \u00e0 l\u2019occasion de la Journ\u00e9e mondiale de l\u2019alimentation<\/h2>\n<p>\u00c0 l\u2019occasion de la Journ\u00e9e mondiale de l\u2019alimentation, les artichauts et les fraises, trois aliments li\u00e9s au r\u00e9gime m\u00e9diterran\u00e9en, ont jou\u00e9 un r\u00f4le principal dans un atelier sur l\u2019alimentation destin\u00e9 aux enfants, auquel ont particip\u00e9 des \u00e9l\u00e8ves de la 3e ann\u00e9e de primaire de l\u2019\u00e9cole Colegio Reggio, \u00e0 Madrid. Ils ont appris le rapport b\u00e9n\u00e9fique entre la consommation r\u00e9guli\u00e8re de fruits et de l\u00e9gumes et le d\u00e9veloppement d\u2019habitudes de vie saines.<\/p>\n<p>[\/et_pb_text][et_pb_button button_url=\u00a0\u00bb@ET-DC@eyJkeW5hbWljIjp0cnVlLCJjb250ZW50IjoicG9zdF9saW5rX3VybF9wYWdlIiwic2V0dGluZ3MiOnsicG9zdF9pZCI6IjEwODIifX0=@\u00a0\u00bb button_text=\u00a0\u00bbEn savoir plus\u00a0\u00bb button_alignment=\u00a0\u00bbleft\u00a0\u00bb _builder_version=\u00a0\u00bb4.27.5&Prime; _dynamic_attributes=\u00a0\u00bbbutton_url\u00a0\u00bb _module_preset=\u00a0\u00bbdefault\u00a0\u00bb custom_button=\u00a0\u00bbon\u00a0\u00bb button_text_color=\u00a0\u00bb#FFFFFF\u00a0\u00bb button_bg_color=\u00a0\u00bb#38732f\u00a0\u00bb button_border_color=\u00a0\u00bbRGBA(255,255,255,0)\u00a0\u00bb button_border_radius=\u00a0\u00bb8px\u00a0\u00bb button_font=\u00a0\u00bbGotham Gold||||||||\u00a0\u00bb button_icon=\u00a0\u00bb&#x45;||divi||400&Prime; button_icon_color=\u00a0\u00bb#FFFFFF\u00a0\u00bb custom_margin=\u00a0\u00bb-10px||48px||false|false\u00a0\u00bb hover_enabled=\u00a0\u00bb0&Prime; global_colors_info=\u00a0\u00bb{}\u00a0\u00bb theme_builder_area=\u00a0\u00bbpost_content\u00a0\u00bb sticky_enabled=\u00a0\u00bb0&Prime;][\/et_pb_button][\/et_pb_column][\/et_pb_row][et_pb_row column_structure=\u00a0\u00bb2_5,3_5&Prime; _builder_version=\u00a0\u00bb4.27.4&Prime; _module_preset=\u00a0\u00bbdefault\u00a0\u00bb global_colors_info=\u00a0\u00bb{}\u00a0\u00bb][et_pb_column type=\u00a0\u00bb2_5&Prime; _builder_version=\u00a0\u00bb4.27.4&Prime; _module_preset=\u00a0\u00bbdefault\u00a0\u00bb global_colors_info=\u00a0\u00bb{}\u00a0\u00bb][et_pb_image src=\u00a0\u00bbhttps:\/\/estoesunaeuropamassaludable.eu\/wp-content\/uploads\/2025\/05\/presentacion_02-1.jpg\u00a0\u00bb title_text=\u00a0\u00bbpresentacion_02&Prime; _builder_version=\u00a0\u00bb4.27.4&Prime; _module_preset=\u00a0\u00bbdefault\u00a0\u00bb global_colors_info=\u00a0\u00bb{}\u00a0\u00bb][\/et_pb_image][\/et_pb_column][et_pb_column type=\u00a0\u00bb3_5&Prime; _builder_version=\u00a0\u00bb4.27.4&Prime; _module_preset=\u00a0\u00bbdefault\u00a0\u00bb global_colors_info=\u00a0\u00bb{}\u00a0\u00bb][et_pb_text _builder_version=\u00a0\u00bb4.27.4&Prime; _module_preset=\u00a0\u00bbdefault\u00a0\u00bb text_font=\u00a0\u00bbLibre Franklin||||||||\u00a0\u00bb text_font_size=\u00a0\u00bb16px\u00a0\u00bb header_2_font=\u00a0\u00bbGotham Gold||||||||\u00a0\u00bb header_2_text_color=\u00a0\u00bb#38732f\u00a0\u00bb header_2_line_height=\u00a0\u00bb1.1em\u00a0\u00bb global_colors_info=\u00a0\u00bb{}\u00a0\u00bb]<\/p>\n<h2><strong>Acte de Pr\u00e9sentation du Programme europ\u00e9en\u00a0: <\/strong><strong>c\u2019est comme \u00e7a que d\u00e9marre le projet \u00ab\u00a0Une Europe en meilleure sant\u00e9\u00a0\u00bb, en favorisant les fruits et les l\u00e9gumes locaux<\/strong><\/h2>\n<p>Plus de 100 participants, trois camions d\u00e9cor\u00e9s, de nombreux journalistes r\u00e9unis pour l\u2019occasion et un objectif\u00a0: donner le signal de d\u00e9part d\u2019une campagne indispensable qui fera du brocoli et de l\u2019artichaut espagnols et de la fraise fran\u00e7aise les protagonistes de la r\u00e9volution saine en Europe. Ce sont les moments les plus significatifs de l\u2019acte qui a eu lieu <strong>le 9 mai dans la r\u00e9gion de Murcie.<\/strong><\/p>\n<p>[\/et_pb_text][et_pb_button button_url=\u00a0\u00bb@ET-DC@eyJkeW5hbWljIjp0cnVlLCJjb250ZW50IjoicG9zdF9saW5rX3VybF9wYWdlIiwic2V0dGluZ3MiOnsicG9zdF9pZCI6IjQzNSIsImVuYWJsZV9odG1sIjoib2ZmIn19@\u00a0\u00bb button_text=\u00a0\u00bbEn savoir plus\u00a0\u00bb button_alignment=\u00a0\u00bbleft\u00a0\u00bb _builder_version=\u00a0\u00bb4.27.4&Prime; _dynamic_attributes=\u00a0\u00bbbutton_url\u00a0\u00bb _module_preset=\u00a0\u00bbdefault\u00a0\u00bb custom_button=\u00a0\u00bbon\u00a0\u00bb button_text_color=\u00a0\u00bb#FFFFFF\u00a0\u00bb button_bg_color=\u00a0\u00bb#38732f\u00a0\u00bb button_border_color=\u00a0\u00bbRGBA(255,255,255,0)\u00a0\u00bb button_border_radius=\u00a0\u00bb8px\u00a0\u00bb button_font=\u00a0\u00bbGotham Gold||||||||\u00a0\u00bb button_icon=\u00a0\u00bb&#x45;||divi||400&Prime; button_icon_color=\u00a0\u00bb#FFFFFF\u00a0\u00bb custom_margin=\u00a0\u00bb-10px||48px||false|false\u00a0\u00bb global_colors_info=\u00a0\u00bb{}\u00a0\u00bb][\/et_pb_button][\/et_pb_column][\/et_pb_row][\/et_pb_section]<\/p>\n","protected":false},"excerpt":{"rendered":"<p>D\u00e9couvrez les \u00e9v\u00e9nements les plus sains et les plus durables Vous pourrez d\u00e9couvrir les \u00e9v\u00e9nements les plus sains et les plus durables gr\u00e2ce aux fruits et aux l\u00e9gumes europ\u00e9ens.Le projet \u00ab Une Europe en meilleure sant\u00e9 \u00bb arrive dans les \u00e9coles \u00e0 l\u2019occasion de la Journ\u00e9e mondiale de l\u2019alimentation \u00c0 l\u2019occasion de la Journ\u00e9e mondiale [&hellip;]<\/p>\n","protected":false},"author":1,"featured_media":0,"parent":0,"menu_order":0,"comment_status":"closed","ping_status":"closed","template":"","meta":{"_et_pb_use_builder":"on","_et_pb_old_content":"","_et_gb_content_width":"","footnotes":""},"class_list":["post-718","page","type-page","status-publish","hentry"],"_links":{"self":[{"href":"https:\/\/estoesunaeuropamassaludable.eu\/fr\/wp-json\/wp\/v2\/pages\/718","targetHints":{"allow":["GET"]}}],"collection":[{"href":"https:\/\/estoesunaeuropamassaludable.eu\/fr\/wp-json\/wp\/v2\/pages"}],"about":[{"href":"https:\/\/estoesunaeuropamassaludable.eu\/fr\/wp-json\/wp\/v2\/types\/page"}],"author":[{"embeddable":true,"href":"https:\/\/estoesunaeuropamassaludable.eu\/fr\/wp-json\/wp\/v2\/users\/1"}],"replies":[{"embeddable":true,"href":"https:\/\/estoesunaeuropamassaludable.eu\/fr\/wp-json\/wp\/v2\/comments?post=718"}],"version-history":[{"count":7,"href":"https:\/\/estoesunaeuropamassaludable.eu\/fr\/wp-json\/wp\/v2\/pages\/718\/revisions"}],"predecessor-version":[{"id":1439,"href":"https:\/\/estoesunaeuropamassaludable.eu\/fr\/wp-json\/wp\/v2\/pages\/718\/revisions\/1439"}],"wp:attachment":[{"href":"https:\/\/estoesunaeuropamassaludable.eu\/fr\/wp-json\/wp\/v2\/media?parent=718"}],"curies":[{"name":"wp","href":"https:\/\/api.w.org\/{rel}","templated":true}]}}