{"id":770,"date":"2025-05-07T14:41:39","date_gmt":"2025-05-07T14:41:39","guid":{"rendered":"https:\/\/estoesunaeuropamassaludable.eu\/mentions-legales\/"},"modified":"2025-06-03T10:26:35","modified_gmt":"2025-06-03T10:26:35","slug":"mentions-legales","status":"publish","type":"page","link":"https:\/\/estoesunaeuropamassaludable.eu\/fr\/mentions-legales\/","title":{"rendered":"Mentions legales"},"content":{"rendered":"<p>[et_pb_section fb_built=\u00a0\u00bb1&Prime; _builder_version=\u00a0\u00bb4.27.4&Prime; _module_preset=\u00a0\u00bbdefault\u00a0\u00bb background_color=\u00a0\u00bb#f1f1f1&Prime; global_colors_info=\u00a0\u00bb{}\u00a0\u00bb][et_pb_row _builder_version=\u00a0\u00bb4.27.4&Prime; _module_preset=\u00a0\u00bbdefault\u00a0\u00bb global_colors_info=\u00a0\u00bb{}\u00a0\u00bb][et_pb_column type=\u00a0\u00bb4_4&Prime; _builder_version=\u00a0\u00bb4.27.4&Prime; _module_preset=\u00a0\u00bbdefault\u00a0\u00bb global_colors_info=\u00a0\u00bb{}\u00a0\u00bb][et_pb_text _builder_version=\u00a0\u00bb4.27.4&Prime; _module_preset=\u00a0\u00bbdefault\u00a0\u00bb text_font=\u00a0\u00bb&#8211;et_global_body_font||||||||\u00a0\u00bb text_font_size=\u00a0\u00bb16px\u00a0\u00bb header_2_font=\u00a0\u00bbGotham Gold|700|||||||\u00a0\u00bb header_2_text_color=\u00a0\u00bb#38732f\u00a0\u00bb hover_enabled=\u00a0\u00bb0&Prime; global_colors_info=\u00a0\u00bb{}\u00a0\u00bb sticky_enabled=\u00a0\u00bb0&Prime;]<\/p>\n<h2><strong>MENTIONS L\u00c9GALES<\/strong><\/h2>\n<p><strong>INTRODUCTION<\/strong><\/p>\n<p>L\u2019UTILISATEUR s\u2019engage \u00e0 utiliser le site web conform\u00e9ment \u00e0 la loi, \u00e0 la morale, aux bonnes m\u0153urs g\u00e9n\u00e9ralement accept\u00e9es et \u00e0 l\u2019ordre public, en r\u00e9pondant devant l\u2019ASSOCIATION POUR LA PROMOTION DE LA CONSOMMATION DE BROCOLI (ci-apr\u00e8s, +BROCOLI), ou devant des tiers, de tout dommage pouvant r\u00e9sulter du non-respect de cette obligation.<\/p>\n<p>L\u2019UTILISATEUR s\u2019abstiendra d\u2019utiliser le site web \u00e0 des fins ou effets illicites, pr\u00e9judiciables aux droits et int\u00e9r\u00eats de tiers, ou qui pourraient de quelque mani\u00e8re que ce soit endommager, d\u00e9sactiver, surcharger ou d\u00e9t\u00e9riorer le site web ou le serveur sur lequel il est h\u00e9berg\u00e9, ou emp\u00eacher son utilisation ou son acc\u00e8s normal.<\/p>\n<p>En particulier, +BROCOLI n\u2019autorise pas la distribution, la gestion ou la communication de contenus qui nuisent \u00e0 la qualit\u00e9 du service, interdisant ainsi l\u2019introduction de contenus :<\/p>\n<p>&#8211; Qui portent atteinte aux droits fondamentaux des personnes, manquent de courtoisie en ligne, d\u00e9rangent ou peuvent g\u00e9n\u00e9rer des opinions n\u00e9gatives chez nos utilisateurs ou des tiers, et en g\u00e9n\u00e9ral, tout contenu que +BROCOLI consid\u00e8re comme inappropri\u00e9.<\/p>\n<p>&#8211; Qui contreviennent aux principes de l\u00e9galit\u00e9, d\u2019honn\u00eatet\u00e9, de responsabilit\u00e9, de protection de la dignit\u00e9 humaine, de protection des mineurs, de l\u2019ordre public, de la vie priv\u00e9e, du consommateur et des droits de propri\u00e9t\u00e9 intellectuelle et industrielle.<\/p>\n<p>Conform\u00e9ment \u00e0 la Loi 34\/2002 sur les Services de la Soci\u00e9t\u00e9 de l\u2019Information et du Commerce \u00c9lectronique (LSSICE), nous vous informons que le domaine <a href=\"http:\/\/www.estoesunaeuropamassaludable.eu\"><strong>www.estoesunaeuropamassaludable.eu<\/strong><\/a> appartient \u00e0 +BROCOLI, avec le num\u00e9ro CIF ESG73681025.<\/p>\n<p>Pour toute question, vous pouvez nous contacter \u00e0 l\u2019adresse e-mail : <a href=\"mailto:coordinacion@masbrocoli.com\">coordinacion@masbrocoli.com<\/a><\/p>\n<p>ASSOCIATION POUR LA PROMOTION DE LA CONSOMMATION DE BROCOLI (+BROCOLI), dont le si\u00e8ge social est situ\u00e9 Ronda de Levante, 1, entresuelo, 30008 Murcie (Espagne), et titulaire du CIF ESG73681025.<\/p>\n<p><strong>UTILISATEURS<\/strong><\/p>\n<p><strong>L\u2019acc\u00e8s, la navigation et\/ou l\u2019utilisation de ce portail : <\/strong><a href=\"http:\/\/www.estoesunaeuropamassaludable.eu\"><strong>www.estoesunaeuropamassaludable.eu<\/strong><\/a><strong> implique l\u2019acceptation des conditions d\u2019utilisation, des mentions l\u00e9gales et de la politique de confidentialit\u00e9 et de protection des donn\u00e9es expos\u00e9es dans ce document. L\u2019utilisation du Portail conf\u00e8re la qualit\u00e9 d\u2019utilisateur (ci-apr\u00e8s, \u00ab utilisateur \u00bb) et implique l\u2019acceptation pleine et sans r\u00e9serve de toutes les dispositions pr\u00e9sentes au moment de l\u2019acc\u00e8s. Ces conditions doivent \u00eatre lues et accept\u00e9es \u00e0 chaque utilisation du Portail, car elles peuvent \u00eatre modifi\u00e9es.<\/strong><\/p>\n<p><strong>UTILISATION DU PORTAIL<\/strong><\/p>\n<p><strong>EXON\u00c9RATION DE RESPONSABILIT\u00c9<\/strong><\/p>\n<p>+BROCOLI ne sera responsable que des dommages que l\u2019utilisateur pourrait subir en raison de l\u2019utilisation du site web, lorsque ceux-ci lui sont directement imputables.<\/p>\n<p>+BROCOLI d\u00e9cline \u00e9galement toute responsabilit\u00e9 pour les dommages de toute nature pouvant r\u00e9sulter, \u00e0 titre purement indicatif et non limitatif, de : (i) la pr\u00e9sence de virus ou d\u2019autres \u00e9l\u00e9ments nuisibles sur le site web ou sur des pages accessibles par des liens pouvant alt\u00e9rer le syst\u00e8me informatique ; (ii) des interf\u00e9rences, omissions, interruptions, pannes et\/ou d\u00e9connexions dans le fonctionnement du syst\u00e8me \u00e9lectronique ou des appareils des UTILISATEURS, dues \u00e0 des causes ind\u00e9pendantes de +BROCOLI ; (iii) des retards ou blocages dus \u00e0 des d\u00e9faillances ou surcharges sur Internet ou d\u2019autres syst\u00e8mes \u00e9lectroniques ; (iv) des intrusions ill\u00e9gitimes de tiers hors du contr\u00f4le du site web ; (v) l\u2019impossibilit\u00e9 de fournir le service ou de permettre l\u2019acc\u00e8s pour des raisons non imputables \u00e0 +BROCOLI, \u00e0 l\u2019utilisateur, \u00e0 des tiers, ou \u00e0 des cas de force majeure.<\/p>\n<p>L\u2019UTILISATEUR reconna\u00eet qu\u2019il n\u2019est techniquement pas possible de garantir la disponibilit\u00e9 du site web \u00e0 100 %. Toutefois, +BROCOLI s\u2019efforce de maintenir le site accessible autant que possible. En particulier, pour des raisons de maintenance, de s\u00e9curit\u00e9 ou de capacit\u00e9, ou en raison d\u2019\u00e9v\u00e9nements \u00e9chappant au contr\u00f4le de +BROCOLI (ex : pannes de r\u00e9seaux publics, coupures de courant, etc.), le site peut \u00eatre temporairement indisponible.<\/p>\n<p><strong>UTILISATION DES HYPERLIENS<\/strong><\/p>\n<p>Concernant les informations et contenus accessibles sur ce site ou via les liens \u00e9tablis, +BROCOLI ne garantit en aucun cas l\u2019acc\u00e8s \u00e0 ces informations \u00e0 tout moment, ni leur exactitude, actualit\u00e9, ad\u00e9quation ou utilit\u00e9, et d\u00e9cline toute responsabilit\u00e9 quant aux dommages pouvant r\u00e9sulter de la transmission, diffusion, stockage, mise \u00e0 disposition, r\u00e9ception ou acc\u00e8s \u00e0 ces contenus.<\/p>\n<p>Le site \u00e9tablissant le lien doit respecter la loi et ne peut contenir ou rediriger vers des contenus : (i) illicites, nuisibles ou contraires \u00e0 la morale et aux bonnes m\u0153urs (pornographiques, violents, racistes, etc.) ; (ii) pouvant induire en erreur l\u2019UTILISATEUR sur le fait que +BROCOLI soutient, approuve ou partage les id\u00e9es ou contenus du site d\u2019origine ; (iii) inappropri\u00e9s ou non pertinents au regard de l\u2019activit\u00e9 de +BROCOLI, de la localisation, du contenu ou du th\u00e8me du site du tiers. De m\u00eame, l\u2019UTILISATEUR s\u2019abstiendra d\u2019inclure tout lien vers des sites contenant des informations ou contenus illicites, contraires \u00e0 la morale ou \u00e0 l\u2019ordre public.<\/p>\n<p><strong>PROPRI\u00c9T\u00c9 INTELLECTUELLE ET INDUSTRIELLE<\/strong><\/p>\n<p>+BROCOLI d\u00e9tient tous les droits de propri\u00e9t\u00e9 intellectuelle et industrielle de <a href=\"http:\/\/www.estoesunaeuropamassaludable.eu\"><strong>www.estoesunaeuropamassaludable.eu<\/strong><\/a>, ainsi que de ses logos, designs, et se r\u00e9serve tous les droits d\u2019utilisation. Conform\u00e9ment au d\u00e9cret l\u00e9gislatif royal 1\/1996 du 12 avril approuvant le texte consolid\u00e9 de la Loi sur la Propri\u00e9t\u00e9 Intellectuelle. Toute reproduction ou distribution, totale ou partielle, \u00e0 des fins commerciales, par tout moyen ou support, sans l\u2019autorisation de +BROCOLI est interdite. +BROCOLI se r\u00e9serve \u00e9galement le droit d\u2019effectuer les modifications qu\u2019elle juge opportunes, de supprimer ou d\u2019ajouter du contenu sur le portail. En cas de pr\u00e9sence de liens vers d\u2019autres sites, www.tactis.es d\u00e9cline toute responsabilit\u00e9 et ne contr\u00f4le pas leur contenu.<\/p>\n<p><strong>DROIT D\u2019EXCLUSION<\/strong><\/p>\n<p>+BROCOLI se r\u00e9serve le droit de refuser ou de retirer l\u2019acc\u00e8s au portail ou \u00e0 ses services, sans pr\u00e9avis, \u00e0 tout utilisateur ne respectant pas les conditions g\u00e9n\u00e9rales d\u2019utilisation.<\/p>\n<p><strong>DUR\u00c9E ET R\u00c9SILIATION<\/strong><\/p>\n<p>La prestation de services du Portail est en principe de dur\u00e9e ind\u00e9finie. +BROCOLI se r\u00e9serve le droit de suspendre ou de mettre fin \u00e0 tout moment \u00e0 la prestation du service du Portail et\/ou de tout autre Service, sans pr\u00e9judice de ce qui aurait pu \u00eatre \u00e9tabli dans des Conditions Particuli\u00e8res.<\/p>\n<p><strong>L\u00c9GISLATION ET JURIDICTION APPLICABLE<\/strong><\/p>\n<p>En cas de litige, la l\u00e9gislation espagnole s\u2019appliquera, les parties se soumettant express\u00e9ment aux tribunaux de Madrid.<br \/>\n[\/et_pb_text][\/et_pb_column][\/et_pb_row][\/et_pb_section]<\/p>\n","protected":false},"excerpt":{"rendered":"<p>MENTIONS L\u00c9GALES INTRODUCTION L\u2019UTILISATEUR s\u2019engage \u00e0 utiliser le site web conform\u00e9ment \u00e0 la loi, \u00e0 la morale, aux bonnes m\u0153urs g\u00e9n\u00e9ralement accept\u00e9es et \u00e0 l\u2019ordre public, en r\u00e9pondant devant l\u2019ASSOCIATION POUR LA PROMOTION DE LA CONSOMMATION DE BROCOLI (ci-apr\u00e8s, +BROCOLI), ou devant des tiers, de tout dommage pouvant r\u00e9sulter du non-respect de cette obligation. L\u2019UTILISATEUR [&hellip;]<\/p>\n","protected":false},"author":1,"featured_media":0,"parent":0,"menu_order":0,"comment_status":"closed","ping_status":"closed","template":"","meta":{"_et_pb_use_builder":"on","_et_pb_old_content":"","_et_gb_content_width":"","footnotes":""},"class_list":["post-770","page","type-page","status-publish","hentry"],"_links":{"self":[{"href":"https:\/\/estoesunaeuropamassaludable.eu\/fr\/wp-json\/wp\/v2\/pages\/770","targetHints":{"allow":["GET"]}}],"collection":[{"href":"https:\/\/estoesunaeuropamassaludable.eu\/fr\/wp-json\/wp\/v2\/pages"}],"about":[{"href":"https:\/\/estoesunaeuropamassaludable.eu\/fr\/wp-json\/wp\/v2\/types\/page"}],"author":[{"embeddable":true,"href":"https:\/\/estoesunaeuropamassaludable.eu\/fr\/wp-json\/wp\/v2\/users\/1"}],"replies":[{"embeddable":true,"href":"https:\/\/estoesunaeuropamassaludable.eu\/fr\/wp-json\/wp\/v2\/comments?post=770"}],"version-history":[{"count":3,"href":"https:\/\/estoesunaeuropamassaludable.eu\/fr\/wp-json\/wp\/v2\/pages\/770\/revisions"}],"predecessor-version":[{"id":773,"href":"https:\/\/estoesunaeuropamassaludable.eu\/fr\/wp-json\/wp\/v2\/pages\/770\/revisions\/773"}],"wp:attachment":[{"href":"https:\/\/estoesunaeuropamassaludable.eu\/fr\/wp-json\/wp\/v2\/media?parent=770"}],"curies":[{"name":"wp","href":"https:\/\/api.w.org\/{rel}","templated":true}]}}